{"id":215,"date":"2023-07-13T09:20:35","date_gmt":"2023-07-13T07:20:35","guid":{"rendered":"https:\/\/olms.nomos.de\/?page_id=215"},"modified":"2024-09-03T16:01:54","modified_gmt":"2024-09-03T14:01:54","slug":"religion","status":"publish","type":"page","link":"https:\/\/www.olms.de\/en\/religion\/","title":{"rendered":"Theology and Religious Studies"},"content":{"rendered":"\n<section class=\"content-stage big-stage bottom-type-1 image-type-1 \">\n    <div class=\"text-item\">\n        \n                    <h3 class=\"headline-2 \"\n                data-text=\"Theology and Religious Studies\">\n                                    Theology and Religious Studies\n                            <\/h3>\n        \n                    <div class=\"wysiwyg\">\n                <p>Our programme comprises new releases, reprints and the collected works of prominent early modern theologists. Particular worthy of mention are books on the relationship between the major religions and books on religious thought in the Middle Ages. Two of our latest book series, Religion and Civil Society as well as Reason and Normativity, confront the reader with questions on ethics and examines the relationship between religion and secularism on an inter-disciplinary level.<\/p>\n\n            <\/div>\n        \n        \n            <\/div>\n\n            <div class=\"image-item\">\n            \n            <div class=\"js-scroll-animations scroll-animations__image-wrapper \" data-scroll-animation-type=\"zoomImage\">\n                                    <picture class=\"content-block__image\">\n                                    \n                                                                                        \n                                                                    \n                                    <source\n                            type=\"image\/webp\"\n                            srcset=\"                                                                                                                                https:\/\/www.olms.de\/wp-content\/uploads\/sites\/7\/2023\/06\/800px-Carlo_Crivelli_007_Thomas-Aquinas-an-influential-Roman-Catholic-theologian-1056x0-c-default.webp 1056w\n                                                                                                                \"\n                            sizes=\"1056px\"\n                    >\n                                            \n                                                                                        \n                                                                    \n                                    <img decoding=\"async\"\n                                                    loading=\"lazy\"\n                                                decode=\"async\"\n                        src=\"https:\/\/www.olms.de\/wp-content\/uploads\/sites\/7\/2023\/06\/800px-Carlo_Crivelli_007_Thomas-Aquinas-an-influential-Roman-Catholic-theologian-50x0-c-default.jpg\"\n                        srcset=\"                                                                                                                                https:\/\/www.olms.de\/wp-content\/uploads\/sites\/7\/2023\/06\/800px-Carlo_Crivelli_007_Thomas-Aquinas-an-influential-Roman-Catholic-theologian-1056x0-c-default.jpg 1056w\n                                                                                                                \"\n                        sizes=\"auto, 1056px\"\n                        alt=\"Thomas Aquinas, an influential Roman Catholic theologian\"\n                        \n                        width=\"1056\"\n                        height=\"\"\n                    >\n                                        <\/picture>\n\n            <\/div>\n\n            <div class=\"tablet-image\">\n                    <picture >\n                                    \n                                                                                        \n                                                                    \n                                    <source\n                            type=\"image\/webp\"\n                            srcset=\"                                                                                                                                https:\/\/www.olms.de\/wp-content\/uploads\/sites\/7\/2023\/06\/800px-Carlo_Crivelli_007_Thomas-Aquinas-an-influential-Roman-Catholic-theologian-412x0-c-default.webp 412w\n                                                                            ,                                                                                                                                https:\/\/www.olms.de\/wp-content\/uploads\/sites\/7\/2023\/06\/800px-Carlo_Crivelli_007_Thomas-Aquinas-an-influential-Roman-Catholic-theologian-528x0-c-default.webp 528w\n                                                                            ,                                                                                                                                https:\/\/www.olms.de\/wp-content\/uploads\/sites\/7\/2023\/06\/800px-Carlo_Crivelli_007_Thomas-Aquinas-an-influential-Roman-Catholic-theologian-980x0-c-default.webp 980w\n                                                                                                                \"\n                            sizes=\"(-webkit-min-device-pixel-ratio: 2) 50vw,\n                            (min-resolution: 192dpi) 50vw,\n                            (min-resolution: 2dppx) 50vw,\n                            (-webkit-min-device-pixel-ratio: 3) 33.33vw,\n                            (min-resolution: 288dpi) 33.33vw,\n                            (min-resolution: 3dppx) 33.33vw\"\n                    >\n                                            \n                                                                                        \n                                                                    \n                                    <img decoding=\"async\"\n                                                    loading=\"lazy\"\n                                                decode=\"async\"\n                        src=\"https:\/\/www.olms.de\/wp-content\/uploads\/sites\/7\/2023\/06\/800px-Carlo_Crivelli_007_Thomas-Aquinas-an-influential-Roman-Catholic-theologian-50x0-c-default.jpg\"\n                        srcset=\"                                                                                                                                https:\/\/www.olms.de\/wp-content\/uploads\/sites\/7\/2023\/06\/800px-Carlo_Crivelli_007_Thomas-Aquinas-an-influential-Roman-Catholic-theologian-412x0-c-default.jpg 412w\n                                                                            ,                                                                                                                                https:\/\/www.olms.de\/wp-content\/uploads\/sites\/7\/2023\/06\/800px-Carlo_Crivelli_007_Thomas-Aquinas-an-influential-Roman-Catholic-theologian-528x0-c-default.jpg 528w\n                                                                            ,                                                                                                                                https:\/\/www.olms.de\/wp-content\/uploads\/sites\/7\/2023\/06\/800px-Carlo_Crivelli_007_Thomas-Aquinas-an-influential-Roman-Catholic-theologian-980x0-c-default.jpg 980w\n                                                                                                                \"\n                        sizes=\"auto, (-webkit-min-device-pixel-ratio: 2) 50vw,\n                            (min-resolution: 192dpi) 50vw,\n                            (min-resolution: 2dppx) 50vw,\n                            (-webkit-min-device-pixel-ratio: 3) 33.33vw,\n                            (min-resolution: 288dpi) 33.33vw,\n                            (min-resolution: 3dppx) 33.33vw\"\n                        alt=\"Thomas Aquinas, an influential Roman Catholic theologian\"\n                        \n                        width=\"412\"\n                        height=\"\"\n                    >\n                                        <\/picture>\n\n            <\/div>\n\n                    <\/div>\n    <\/section>\n\n\n    \n    \n<section class=\"content-text-big-image left-image switch-default\">\n    <div class=\"text-item\">\n                    <h2>Special Editions and Companion Works <\/h2>\n        \n                    <p>To accompany the collected works of such thinkers as Philipp Jakob Speners and Nikolaus Ludwig von Zinzendorf, we now publish special editions and companion works that expound on their reception history.<\/p>\n\n        \n            <\/div>\n\n            <div class=\"image-item \">\n            \n                <picture class=\"fit-default\">\n                                    \n                                                                                        \n                                                                    \n                                    <source\n                            type=\"image\/webp\"\n                            srcset=\"                                                                                                                                https:\/\/www.olms.de\/wp-content\/uploads\/sites\/7\/2023\/09\/Design-ohne-Titel-8-1504x0-c-default.webp 1504w\n                                                                            ,                                                                                                                                https:\/\/www.olms.de\/wp-content\/uploads\/sites\/7\/2023\/09\/Design-ohne-Titel-8-924x0-c-default.webp 924w\n                                                                                                                \"\n                            sizes=\"(min-width: 1042px) 1504px, 100vw\"\n                    >\n                                            \n                                                                                        \n                                                                    \n                                    <img decoding=\"async\"\n                                                    loading=\"eager\"\n                                                decode=\"async\"\n                        src=\"https:\/\/www.olms.de\/wp-content\/uploads\/sites\/7\/2023\/09\/Design-ohne-Titel-8-50x0-c-default.png\"\n                        srcset=\"                                                                                                                                https:\/\/www.olms.de\/wp-content\/uploads\/sites\/7\/2023\/09\/Design-ohne-Titel-8-1504x0-c-default.jpg 1504w\n                                                                            ,                                                                                                                                https:\/\/www.olms.de\/wp-content\/uploads\/sites\/7\/2023\/09\/Design-ohne-Titel-8-924x0-c-default.jpg 924w\n                                                                                                                \"\n                        sizes=\"(min-width: 1042px) 1504px, 100vw\"\n                        alt=\"Zinzendorf Materialien und B\u00e4nde \"\n                        \n                        width=\"1504\"\n                        height=\"\"\n                    >\n                                        <\/picture>\n\n\n            <div class=\"background-square-image\"><\/div>\n        <\/div>\n    <\/section>\n\n\n<section class=\"content-plain-text  no-margin\">\n    <div class=\"inner\">\n        <h3>Book Series<\/h3>\n\n    <\/div>\n<\/section>\n\n\n<section class=\"content-faq\">\n    <div class=\"content-faq-item-list\">\n                    <article>\n                <div class=\"content-faq-item\">\n                    <h2 class=\"headline-5 js-accordion-headline\">\n                        Reason and Normativity \n                    <\/h2>\n\n                    <div class=\"text wysiwyg\">\n                        <p>Die \u00fcberwiegend englischen und spanischen Publikationen der Schriftenreihe\u00a0<em>Reason and Normativity<\/em>\u00a0widmen sich den unterschiedlichsten Aspekten der theoretischen und praktischen Ethik, die im weitesten Sinne in der Tradition Kants stehen. Sie reichen von der Auseinandersetzung mit dem modernen Naturrecht \u00fcber den Zusammenhang zwischen philosophischer und soziologischer Handlungstheorie bis hin zu medizinethischen Themen.<\/p>\n<p><a href=\"https:\/\/www.nomos-shop.de\/en\/series\/series\/view\/id\/B001508000\" target=\"_blank\" rel=\"noopener\">zur Reihe<\/a><\/p>\n\n                    <\/div>\n                <\/div>\n            <\/article>\n                    <article>\n                <div class=\"content-faq-item\">\n                    <h2 class=\"headline-5 js-accordion-headline\">\n                        Religion and Civil Society \n                    <\/h2>\n\n                    <div class=\"text wysiwyg\">\n                        <p>Die Schriftenreihe <em>Religion and Civil Society <\/em>reflektiert das Spannungsverh\u00e4ltnis zwischen der Religion und der modernen s\u00e4kularen Welt. Vor allem das Aufkommen fundamentalistischer religi\u00f6ser Str\u00f6mungen und ihre Auswirkungen auf die Zivilgesellschaften und deren inneren Zusammenhalt stehen im Zentrum vieler Untersuchungen, die \u00fcberwiegend in englischer Sprache ver\u00f6ffentlicht werden.<\/p>\n<p><a href=\"https:\/\/www.nomos-shop.de\/en\/series\/series\/view\/id\/B001508200\" target=\"_blank\" rel=\"noopener\">zur Reihe\u00a0<\/a><\/p>\n\n                    <\/div>\n                <\/div>\n            <\/article>\n                    <article>\n                <div class=\"content-faq-item\">\n                    <h2 class=\"headline-5 js-accordion-headline\">\n                        Religionswissenschaftliche Texte und Studien\n                    <\/h2>\n\n                    <div class=\"text wysiwyg\">\n                        <p>Die thematisch offene Reihe <em>Religionswissenschaftliche Texte und Studien<\/em> versammelt wissenschaftliche Qualifikationsarbeiten, Monographien und Sammelb\u00e4nde aus allen Teildisziplinen der Religionswissenschaft. Ein Schwerpunkt lag dabei von Anfang an auf Studien mit Themen jenseits der christlichen Religionen, z.B. zur islamischen Religiosit\u00e4t in Deutschland oder dem Hinduismus.<\/p>\n\n                    <\/div>\n                <\/div>\n            <\/article>\n                    <article>\n                <div class=\"content-faq-item\">\n                    <h2 class=\"headline-5 js-accordion-headline\">\n                        Theologische Texte und Studien \n                    <\/h2>\n\n                    <div class=\"text wysiwyg\">\n                        <p>Die thematisch offene Reihe <em>Theologische Texte und Studien<\/em> versammelt wissenschaftliche Qualifikationsarbeiten, Monographien und Sammelb\u00e4nde aus allen Teildisziplinen der Theologie. Ein thematischer Schwerpunkt lag dabei bei den letzten B\u00e4nden in der Erforschung der historischen Hintergr\u00fcnde der fr\u00fchchristlichen Gemeinden und vergleichbarer Bewegungen.<\/p>\n\n                    <\/div>\n                <\/div>\n            <\/article>\n            <\/div>\n<\/section>\n\n\n<section class=\"content-link-card small-margin\">\n    <div class=\"inner link-right-border card-border-hover grey-active\">\n                    <h4>With you from start to finish <\/h4>\n        \n        <div class=\"border-hover\"><\/div>\n        <div class=\"text-item\">\n                            <div class=\"link\">\n                    <a href=\"\/en\/academic-publishing\"\n                       target=\"_blank\" rel=\"noopener\"\n                       class=\"link-blue-square\">\n                        Publish today \n                    <\/a>\n                <\/div>\n                    <\/div>\n    <\/div>\n<\/section>\n","protected":false},"excerpt":{"rendered":"","protected":false},"author":18,"featured_media":921,"parent":0,"menu_order":0,"comment_status":"closed","ping_status":"closed","template":"","meta":{"_acf_changed":false,"footnotes":""},"class_list":["post-215","page","type-page","status-publish","has-post-thumbnail","hentry"],"acf":[],"yoast_head":"<!-- This site is optimized with the Yoast SEO Premium plugin v26.1 (Yoast SEO v26.2) - https:\/\/yoast.com\/wordpress\/plugins\/seo\/ -->\n<title>Theology and Religious Studies | Georg Olms Verlag<\/title>\n<meta name=\"description\" content=\"Welcome to the Religion and Theology programme at Georg Olms Verlag.\" \/>\n<meta name=\"robots\" content=\"index, follow, max-snippet:-1, max-image-preview:large, max-video-preview:-1\" \/>\n<link rel=\"canonical\" href=\"https:\/\/www.olms.de\/en\/religion\/\" \/>\n<meta property=\"og:locale\" content=\"en_US\" \/>\n<meta property=\"og:type\" content=\"article\" \/>\n<meta property=\"og:title\" content=\"Theology and Religious Studies\" \/>\n<meta property=\"og:description\" content=\"Welcome to the Religion and Theology programme at Georg Olms Verlag.\" \/>\n<meta property=\"og:url\" content=\"https:\/\/www.olms.de\/en\/religion\/\" \/>\n<meta property=\"og:site_name\" content=\"Olms Verlag\" \/>\n<meta property=\"article:modified_time\" content=\"2024-09-03T14:01:54+00:00\" \/>\n<meta property=\"og:image\" content=\"https:\/\/www.olms.de\/wp-content\/uploads\/sites\/7\/2023\/06\/800px-Carlo_Crivelli_007_Thomas-Aquinas-an-influential-Roman-Catholic-theologian.jpg\" \/>\n\t<meta property=\"og:image:width\" content=\"800\" \/>\n\t<meta property=\"og:image:height\" content=\"1243\" \/>\n\t<meta property=\"og:image:type\" content=\"image\/jpeg\" \/>\n<meta name=\"twitter:card\" content=\"summary_large_image\" \/>\n<meta name=\"twitter:image\" content=\"https:\/\/www.olms.de\/wp-content\/uploads\/sites\/7\/2023\/06\/800px-Carlo_Crivelli_007_Thomas-Aquinas-an-influential-Roman-Catholic-theologian.jpg\" \/>\n<script type=\"application\/ld+json\" class=\"yoast-schema-graph\">{\"@context\":\"https:\/\/schema.org\",\"@graph\":[{\"@type\":\"WebPage\",\"@id\":\"https:\/\/www.olms.de\/en\/religion\/\",\"url\":\"https:\/\/www.olms.de\/en\/religion\/\",\"name\":\"Theology and Religious Studies | Georg Olms Verlag\",\"isPartOf\":{\"@id\":\"https:\/\/www.olms.de\/en\/#website\"},\"primaryImageOfPage\":{\"@id\":\"https:\/\/www.olms.de\/en\/religion\/#primaryimage\"},\"image\":{\"@id\":\"https:\/\/www.olms.de\/en\/religion\/#primaryimage\"},\"thumbnailUrl\":\"https:\/\/www.olms.de\/wp-content\/uploads\/sites\/7\/2023\/06\/800px-Carlo_Crivelli_007_Thomas-Aquinas-an-influential-Roman-Catholic-theologian.jpg\",\"datePublished\":\"2023-07-13T07:20:35+00:00\",\"dateModified\":\"2024-09-03T14:01:54+00:00\",\"description\":\"Welcome to the Religion and Theology programme at Georg Olms Verlag.\",\"breadcrumb\":{\"@id\":\"https:\/\/www.olms.de\/en\/religion\/#breadcrumb\"},\"inLanguage\":\"en-US\",\"potentialAction\":[{\"@type\":\"ReadAction\",\"target\":[\"https:\/\/www.olms.de\/en\/religion\/\"]}]},{\"@type\":\"ImageObject\",\"inLanguage\":\"en-US\",\"@id\":\"https:\/\/www.olms.de\/en\/religion\/#primaryimage\",\"url\":\"https:\/\/www.olms.de\/wp-content\/uploads\/sites\/7\/2023\/06\/800px-Carlo_Crivelli_007_Thomas-Aquinas-an-influential-Roman-Catholic-theologian.jpg\",\"contentUrl\":\"https:\/\/www.olms.de\/wp-content\/uploads\/sites\/7\/2023\/06\/800px-Carlo_Crivelli_007_Thomas-Aquinas-an-influential-Roman-Catholic-theologian.jpg\",\"width\":800,\"height\":1243,\"caption\":\"Thomas Aquinas, an influential Roman Catholic theologian\"},{\"@type\":\"BreadcrumbList\",\"@id\":\"https:\/\/www.olms.de\/en\/religion\/#breadcrumb\",\"itemListElement\":[{\"@type\":\"ListItem\",\"position\":1,\"name\":\"Homepage\",\"item\":\"https:\/\/www.olms.de\/en\/\"},{\"@type\":\"ListItem\",\"position\":2,\"name\":\"Theology and Religious Studies\"}]},{\"@type\":\"WebSite\",\"@id\":\"https:\/\/www.olms.de\/en\/#website\",\"url\":\"https:\/\/www.olms.de\/en\/\",\"name\":\"Olms Verlag\",\"description\":\"\",\"potentialAction\":[{\"@type\":\"SearchAction\",\"target\":{\"@type\":\"EntryPoint\",\"urlTemplate\":\"https:\/\/www.olms.de\/en\/?s={search_term_string}\"},\"query-input\":{\"@type\":\"PropertyValueSpecification\",\"valueRequired\":true,\"valueName\":\"search_term_string\"}}],\"inLanguage\":\"en-US\"}]}<\/script>\n<!-- \/ Yoast SEO Premium plugin. -->","yoast_head_json":{"title":"Theology and Religious Studies | Georg Olms Verlag","description":"Welcome to the Religion and Theology programme at Georg Olms Verlag.","robots":{"index":"index","follow":"follow","max-snippet":"max-snippet:-1","max-image-preview":"max-image-preview:large","max-video-preview":"max-video-preview:-1"},"canonical":"https:\/\/www.olms.de\/en\/religion\/","og_locale":"en_US","og_type":"article","og_title":"Theology and Religious Studies","og_description":"Welcome to the Religion and Theology programme at Georg Olms Verlag.","og_url":"https:\/\/www.olms.de\/en\/religion\/","og_site_name":"Olms Verlag","article_modified_time":"2024-09-03T14:01:54+00:00","og_image":[{"width":800,"height":1243,"url":"https:\/\/www.olms.de\/wp-content\/uploads\/sites\/7\/2023\/06\/800px-Carlo_Crivelli_007_Thomas-Aquinas-an-influential-Roman-Catholic-theologian.jpg","type":"image\/jpeg"}],"twitter_card":"summary_large_image","twitter_image":"https:\/\/www.olms.de\/wp-content\/uploads\/sites\/7\/2023\/06\/800px-Carlo_Crivelli_007_Thomas-Aquinas-an-influential-Roman-Catholic-theologian.jpg","schema":{"@context":"https:\/\/schema.org","@graph":[{"@type":"WebPage","@id":"https:\/\/www.olms.de\/en\/religion\/","url":"https:\/\/www.olms.de\/en\/religion\/","name":"Theology and Religious Studies | Georg Olms Verlag","isPartOf":{"@id":"https:\/\/www.olms.de\/en\/#website"},"primaryImageOfPage":{"@id":"https:\/\/www.olms.de\/en\/religion\/#primaryimage"},"image":{"@id":"https:\/\/www.olms.de\/en\/religion\/#primaryimage"},"thumbnailUrl":"https:\/\/www.olms.de\/wp-content\/uploads\/sites\/7\/2023\/06\/800px-Carlo_Crivelli_007_Thomas-Aquinas-an-influential-Roman-Catholic-theologian.jpg","datePublished":"2023-07-13T07:20:35+00:00","dateModified":"2024-09-03T14:01:54+00:00","description":"Welcome to the Religion and Theology programme at Georg Olms Verlag.","breadcrumb":{"@id":"https:\/\/www.olms.de\/en\/religion\/#breadcrumb"},"inLanguage":"en-US","potentialAction":[{"@type":"ReadAction","target":["https:\/\/www.olms.de\/en\/religion\/"]}]},{"@type":"ImageObject","inLanguage":"en-US","@id":"https:\/\/www.olms.de\/en\/religion\/#primaryimage","url":"https:\/\/www.olms.de\/wp-content\/uploads\/sites\/7\/2023\/06\/800px-Carlo_Crivelli_007_Thomas-Aquinas-an-influential-Roman-Catholic-theologian.jpg","contentUrl":"https:\/\/www.olms.de\/wp-content\/uploads\/sites\/7\/2023\/06\/800px-Carlo_Crivelli_007_Thomas-Aquinas-an-influential-Roman-Catholic-theologian.jpg","width":800,"height":1243,"caption":"Thomas Aquinas, an influential Roman Catholic theologian"},{"@type":"BreadcrumbList","@id":"https:\/\/www.olms.de\/en\/religion\/#breadcrumb","itemListElement":[{"@type":"ListItem","position":1,"name":"Homepage","item":"https:\/\/www.olms.de\/en\/"},{"@type":"ListItem","position":2,"name":"Theology and Religious Studies"}]},{"@type":"WebSite","@id":"https:\/\/www.olms.de\/en\/#website","url":"https:\/\/www.olms.de\/en\/","name":"Olms Verlag","description":"","potentialAction":[{"@type":"SearchAction","target":{"@type":"EntryPoint","urlTemplate":"https:\/\/www.olms.de\/en\/?s={search_term_string}"},"query-input":{"@type":"PropertyValueSpecification","valueRequired":true,"valueName":"search_term_string"}}],"inLanguage":"en-US"}]}},"_links":{"self":[{"href":"https:\/\/www.olms.de\/en\/wp-json\/wp\/v2\/pages\/215","targetHints":{"allow":["GET"]}}],"collection":[{"href":"https:\/\/www.olms.de\/en\/wp-json\/wp\/v2\/pages"}],"about":[{"href":"https:\/\/www.olms.de\/en\/wp-json\/wp\/v2\/types\/page"}],"author":[{"embeddable":true,"href":"https:\/\/www.olms.de\/en\/wp-json\/wp\/v2\/users\/18"}],"replies":[{"embeddable":true,"href":"https:\/\/www.olms.de\/en\/wp-json\/wp\/v2\/comments?post=215"}],"version-history":[{"count":31,"href":"https:\/\/www.olms.de\/en\/wp-json\/wp\/v2\/pages\/215\/revisions"}],"predecessor-version":[{"id":3628,"href":"https:\/\/www.olms.de\/en\/wp-json\/wp\/v2\/pages\/215\/revisions\/3628"}],"wp:featuredmedia":[{"embeddable":true,"href":"https:\/\/www.olms.de\/en\/wp-json\/wp\/v2\/media\/921"}],"wp:attachment":[{"href":"https:\/\/www.olms.de\/en\/wp-json\/wp\/v2\/media?parent=215"}],"curies":[{"name":"wp","href":"https:\/\/api.w.org\/{rel}","templated":true}]}}