{"id":213,"date":"2023-07-13T09:00:03","date_gmt":"2023-07-13T07:00:03","guid":{"rendered":"https:\/\/olms.nomos.de\/?page_id=213"},"modified":"2024-09-03T15:52:37","modified_gmt":"2024-09-03T13:52:37","slug":"philosophy","status":"publish","type":"page","link":"https:\/\/www.olms.de\/en\/philosophy\/","title":{"rendered":"Philosophy"},"content":{"rendered":"\n<section class=\"content-stage big-stage bottom-type-1 image-type-1 no-margin\">\n    <div class=\"text-item\">\n        \n                    <h3 class=\"headline-2 text-typing\"\n                data-text=\"Philosophy\">\n                            <\/h3>\n        \n                    <div class=\"wysiwyg\">\n                <p>The cornerstones of the philosophy programme at Georg Olms Verlag are the reprints and dictionaries of such notable philosophers as Christian Wolff, Gottfried Wilhelm Leibniz and Herrmann Cohen, which continue to appeal to readers and remain relevant, not least due to the fact that a majority of our reprints have been updated by the latest research findings. A prime example of this is the anthology of Christian Wolff&#8217;s works, Wolffiana. In addition to reprints, we also publish an ever-increasing number of first editions with a pronounced focus on contemporary philosophy.<\/p>\n<p>&nbsp;<\/p>\n<p>&nbsp;<\/p>\n\n            <\/div>\n        \n        \n            <\/div>\n\n            <div class=\"image-item\">\n            \n            <div class=\"js-scroll-animations scroll-animations__image-wrapper \" data-scroll-animation-type=\"zoomImage\">\n                                    <picture class=\"content-block__image\">\n                                    \n                                                                                        \n                                                                    \n                                    <source\n                            type=\"image\/webp\"\n                            srcset=\"                                                                                                                                https:\/\/www.olms.de\/wp-content\/uploads\/sites\/7\/2023\/06\/255px-Sanzio_01_Plato_Aristotle-1056x0-c-default.webp 1056w\n                                                                                                                \"\n                            sizes=\"1056px\"\n                    >\n                                            \n                                                                                        \n                                                                    \n                                    <img decoding=\"async\"\n                                                    loading=\"lazy\"\n                                                decode=\"async\"\n                        src=\"https:\/\/www.olms.de\/wp-content\/uploads\/sites\/7\/2023\/06\/255px-Sanzio_01_Plato_Aristotle-50x0-c-default.jpg\"\n                        srcset=\"                                                                                                                                https:\/\/www.olms.de\/wp-content\/uploads\/sites\/7\/2023\/06\/255px-Sanzio_01_Plato_Aristotle-1056x0-c-default.jpg 1056w\n                                                                                                                \"\n                        sizes=\"auto, 1056px\"\n                        alt=\"Plato und Aristotle\"\n                        \n                        width=\"1056\"\n                        height=\"\"\n                    >\n                                        <\/picture>\n\n            <\/div>\n\n            <div class=\"tablet-image\">\n                    <picture >\n                                    \n                                                                                        \n                                                                    \n                                    <source\n                            type=\"image\/webp\"\n                            srcset=\"                                                                                                                                https:\/\/www.olms.de\/wp-content\/uploads\/sites\/7\/2023\/06\/255px-Sanzio_01_Plato_Aristotle-412x0-c-default.webp 412w\n                                                                            ,                                                                                                                                https:\/\/www.olms.de\/wp-content\/uploads\/sites\/7\/2023\/06\/255px-Sanzio_01_Plato_Aristotle-528x0-c-default.webp 528w\n                                                                            ,                                                                                                                                https:\/\/www.olms.de\/wp-content\/uploads\/sites\/7\/2023\/06\/255px-Sanzio_01_Plato_Aristotle-980x0-c-default.webp 980w\n                                                                                                                \"\n                            sizes=\"(-webkit-min-device-pixel-ratio: 2) 50vw,\n                            (min-resolution: 192dpi) 50vw,\n                            (min-resolution: 2dppx) 50vw,\n                            (-webkit-min-device-pixel-ratio: 3) 33.33vw,\n                            (min-resolution: 288dpi) 33.33vw,\n                            (min-resolution: 3dppx) 33.33vw\"\n                    >\n                                            \n                                                                                        \n                                                                    \n                                    <img decoding=\"async\"\n                                                    loading=\"lazy\"\n                                                decode=\"async\"\n                        src=\"https:\/\/www.olms.de\/wp-content\/uploads\/sites\/7\/2023\/06\/255px-Sanzio_01_Plato_Aristotle-50x0-c-default.jpg\"\n                        srcset=\"                                                                                                                                https:\/\/www.olms.de\/wp-content\/uploads\/sites\/7\/2023\/06\/255px-Sanzio_01_Plato_Aristotle-412x0-c-default.jpg 412w\n                                                                            ,                                                                                                                                https:\/\/www.olms.de\/wp-content\/uploads\/sites\/7\/2023\/06\/255px-Sanzio_01_Plato_Aristotle-528x0-c-default.jpg 528w\n                                                                            ,                                                                                                                                https:\/\/www.olms.de\/wp-content\/uploads\/sites\/7\/2023\/06\/255px-Sanzio_01_Plato_Aristotle-980x0-c-default.jpg 980w\n                                                                                                                \"\n                        sizes=\"auto, (-webkit-min-device-pixel-ratio: 2) 50vw,\n                            (min-resolution: 192dpi) 50vw,\n                            (min-resolution: 2dppx) 50vw,\n                            (-webkit-min-device-pixel-ratio: 3) 33.33vw,\n                            (min-resolution: 288dpi) 33.33vw,\n                            (min-resolution: 3dppx) 33.33vw\"\n                        alt=\"Plato und Aristotle\"\n                        \n                        width=\"412\"\n                        height=\"\"\n                    >\n                                        <\/picture>\n\n            <\/div>\n\n                    <\/div>\n    <\/section>\n\n\n<section class=\"content-plain-text  small-margin content-plain-text--fullwidth\">\n    <div class=\"inner\">\n        <h3>Insightful and Relevant<\/h3>\n<p>Readers may also look forward to two of our most impactful series, \u2018Europaea Memoria\u2019 and &#8216;Studies and Materials on the History of Philosophy&#8217; (original title: Studien und Materialien zur Geschichte der Philosophie). Split into two sections, studies and text editions, and comprising over 130 volumes, the decidedly interdisciplinary series, Europaea Memoria, gives the reader a comprehensive overview of the development of European thought. The series, Studies and Materials on the History of Philosophy, shines a spotlight on both &#8216;classic&#8217; literature, such as the reception history and commentaries on Immanuel Kant&#8217;s works, as well as on critical questions in the field of ethics and morality.<\/p>\n\n    <\/div>\n<\/section>\n\n\n<section class=\"content-plain-text  small-margin content-plain-text--fullwidth\">\n    <div class=\"inner\">\n        <h3>Globally Connected<\/h3>\n<p>All our series in Philosophy are available to read in German, English, French and Italian. We welcome all submissions in any of these languages.<\/p>\n<p>&nbsp;<\/p>\n\n    <\/div>\n<\/section>\n\n\n<section class=\"content-plain-text  no-margin content-plain-text--fullwidth\">\n    <div class=\"inner\">\n        <h3 style=\"text-align: left;\">Book Series<\/h3>\n\n    <\/div>\n<\/section>\n\n\n<section class=\"content-faq\">\n    <div class=\"content-faq-item-list\">\n                    <article>\n                <div class=\"content-faq-item\">\n                    <h2 class=\"headline-5 js-accordion-headline\">\n                        Europaea Memoria \u2013 Studien und Texte zur Geschichte der europ\u00e4ischen Ideen\n                    <\/h2>\n\n                    <div class=\"text wysiwyg\">\n                        <p>Die Schriftenreihe <em>Europaea Memoria<\/em> ist eine der beiden wichtigsten philosophischen Periodica im Programm des Georg Olms Verlags. Sie ist interdisziplin\u00e4r ausgerichtet und bezieht Forschungsergebnisse aus der Geschichtswissenschaft, der Literaturwissenschaft und anderen benachbarten Fachgebieten mit ein. Dabei erscheinen in der Unterreihe \u201eStudien\u201c vor allem Monographien und Sammelb\u00e4nde, w\u00e4hrend in der Unterreihe \u201eTexte\u201c kanonische Werke der Philosophiegeschichte neu und h\u00e4ufig erstmalig ediert werden.<\/p>\n<p><a href=\"https:\/\/www.nomos-shop.de\/en\/series\/series\/view\/id\/B001503500\" target=\"_blank\" rel=\"noopener\">Series I\u00a0<\/a><\/p>\n<p><a href=\"https:\/\/www.nomos-shop.de\/en\/series\/series\/view\/id\/B001503700\" target=\"_blank\" rel=\"noopener\">Series II<\/a><\/p>\n\n                    <\/div>\n                <\/div>\n            <\/article>\n                    <article>\n                <div class=\"content-faq-item\">\n                    <h2 class=\"headline-5 js-accordion-headline\">\n                        Philosophische Texte und Studien\n                    <\/h2>\n\n                    <div class=\"text wysiwyg\">\n                        <p>Over the past forty years, the &#8220;Philosophical Texts and Studies&#8221; series has published more than 120 philosophical foundational and overview works, many of which are characterised by their interdisciplinary nature. They cover all epochs and aspects of philosophical thought and are dedicated to issues such as ethics, aesthetics, philosophy of religion and the reception of ancient thought in the present day.<\/p>\n<p><a href=\"https:\/\/www.nomos-shop.de\/en\/series\/series\/view\/id\/B001507800\" target=\"_blank\" rel=\"noopener\">Learn more<\/a><\/p>\n\n                    <\/div>\n                <\/div>\n            <\/article>\n                    <article>\n                <div class=\"content-faq-item\">\n                    <h2 class=\"headline-5 js-accordion-headline\">\n                        Reason and Normativity \n                    <\/h2>\n\n                    <div class=\"text wysiwyg\">\n                        <p>Die \u00fcberwiegend englischen und spanischen Publikationen der Schriftenreihe <em>Reason and Normativity<\/em> widmen sich den unterschiedlichsten Aspekten der theoretischen und praktischen Ethik, die im weitesten Sinne in der Tradition Kants stehen. Sie reichen von der Auseinandersetzung mit dem modernen Naturrecht \u00fcber den Zusammenhang zwischen philosophischer und soziologischer Handlungstheorie bis hin zu medizinethischen Themen.<\/p>\n<p><a href=\"https:\/\/www.nomos-shop.de\/en\/series\/series\/view\/id\/B001508000\" target=\"_blank\" rel=\"noopener\">Learn more<\/a><\/p>\n\n                    <\/div>\n                <\/div>\n            <\/article>\n                    <article>\n                <div class=\"content-faq-item\">\n                    <h2 class=\"headline-5 js-accordion-headline\">\n                        Studien und Materialien zur Geschichte der Philosophie\n                    <\/h2>\n\n                    <div class=\"text wysiwyg\">\n                        <p>Neben der Schriftenreihe <em>Europaea Memoria<\/em> bilden die <em>Studien und Materialien zur Geschichte der Philosophie <\/em>das Herzst\u00fcck des philosophischen Programms im Georg Olms Verlag. Das Themenspektrum der inzwischen \u00fcber 100 Einzelver\u00f6ffentlichungen reicht von der antiken Philosophie \u00fcber den Idealismus (mit einem Schwerpunkt auf Immanuel Kant und seinem Umfeld) bis hin zu zeitgen\u00f6ssischen Denkern. Die Reihe umfasst B\u00e4nde in deutscher, englischer, franz\u00f6sischer, italienischer und spanischer Sprache.<\/p>\n<p><a href=\"https:\/\/www.nomos-shop.de\/en\/series\/series\/view\/id\/B001509300\" target=\"_blank\" rel=\"noopener\">Learn more<\/a><\/p>\n\n                    <\/div>\n                <\/div>\n            <\/article>\n                    <article>\n                <div class=\"content-faq-item\">\n                    <h2 class=\"headline-5 js-accordion-headline\">\n                        Zur modernen Deutung der aristotelischen Logik \n                    <\/h2>\n\n                    <div class=\"text wysiwyg\">\n                        <p>Diese Schriftenreihe widmet sich der komplexen Interpretations- und Rezeptionsgeschichte der aristotelischen Logik, die vor allem in der Textsammlung \u201eOrganon\u201c ihren Niederschlag gefunden hat. Ein Schwerpunkt der Ver\u00f6ffentlichungen liegt auf zeitgen\u00f6ssischen Deutungen in Regionen, die in philosophischen Fachdiskussionen bislang wenig Beachtung fanden, wie Osteuropa und S\u00fcdamerika.<\/p>\n<p><a href=\"https:\/\/www.nomos-shop.de\/en\/series\/series\/view\/id\/B001512900\" target=\"_blank\" rel=\"noopener\">Learn more<\/a><\/p>\n\n                    <\/div>\n                <\/div>\n            <\/article>\n            <\/div>\n<\/section>\n\n\n<section class=\"content-link-card \">\n    <div class=\"inner link-right-border card-border-hover grey-active\">\n                    <h4>With you from start to finish <\/h4>\n        \n        <div class=\"border-hover\"><\/div>\n        <div class=\"text-item\">\n                            <div class=\"link\">\n                    <a href=\"\/en\/academic-publishing\"\n                       target=\"_blank\" rel=\"noopener\"\n                       class=\"link-blue-square\">\n                        Publish today \n                    <\/a>\n                <\/div>\n                    <\/div>\n    <\/div>\n<\/section>\n","protected":false},"excerpt":{"rendered":"","protected":false},"author":18,"featured_media":925,"parent":0,"menu_order":0,"comment_status":"closed","ping_status":"closed","template":"","meta":{"_acf_changed":false,"footnotes":""},"class_list":["post-213","page","type-page","status-publish","has-post-thumbnail","hentry"],"acf":[],"yoast_head":"<!-- This site is optimized with the Yoast SEO Premium plugin v26.1 (Yoast SEO v26.2) - https:\/\/yoast.com\/wordpress\/plugins\/seo\/ -->\n<title>Philosophy | Georg Olms Verlag<\/title>\n<meta name=\"description\" content=\"Welcome to the Philosophy programme at Georg Olms Verlag!\" \/>\n<meta name=\"robots\" content=\"index, follow, max-snippet:-1, max-image-preview:large, max-video-preview:-1\" \/>\n<link rel=\"canonical\" href=\"https:\/\/www.olms.de\/en\/philosophy\/\" \/>\n<meta property=\"og:locale\" content=\"en_US\" \/>\n<meta property=\"og:type\" content=\"article\" \/>\n<meta property=\"og:title\" content=\"Philosophy\" \/>\n<meta property=\"og:description\" content=\"Welcome to the Philosophy programme at Georg Olms Verlag!\" \/>\n<meta property=\"og:url\" content=\"https:\/\/www.olms.de\/en\/philosophy\/\" \/>\n<meta property=\"og:site_name\" content=\"Olms Verlag\" \/>\n<meta property=\"article:modified_time\" content=\"2024-09-03T13:52:37+00:00\" \/>\n<meta property=\"og:image\" content=\"https:\/\/www.olms.de\/wp-content\/uploads\/sites\/7\/2023\/06\/255px-Sanzio_01_Plato_Aristotle.jpg\" \/>\n\t<meta property=\"og:image:width\" content=\"255\" \/>\n\t<meta property=\"og:image:height\" content=\"334\" \/>\n\t<meta property=\"og:image:type\" content=\"image\/jpeg\" \/>\n<meta name=\"twitter:card\" content=\"summary_large_image\" \/>\n<meta name=\"twitter:image\" content=\"https:\/\/www.olms.de\/wp-content\/uploads\/sites\/7\/2023\/06\/255px-Sanzio_01_Plato_Aristotle.jpg\" \/>\n<script type=\"application\/ld+json\" class=\"yoast-schema-graph\">{\"@context\":\"https:\/\/schema.org\",\"@graph\":[{\"@type\":\"WebPage\",\"@id\":\"https:\/\/www.olms.de\/en\/philosophy\/\",\"url\":\"https:\/\/www.olms.de\/en\/philosophy\/\",\"name\":\"Philosophy | Georg Olms Verlag\",\"isPartOf\":{\"@id\":\"https:\/\/www.olms.de\/en\/#website\"},\"primaryImageOfPage\":{\"@id\":\"https:\/\/www.olms.de\/en\/philosophy\/#primaryimage\"},\"image\":{\"@id\":\"https:\/\/www.olms.de\/en\/philosophy\/#primaryimage\"},\"thumbnailUrl\":\"https:\/\/www.olms.de\/wp-content\/uploads\/sites\/7\/2023\/06\/255px-Sanzio_01_Plato_Aristotle.jpg\",\"datePublished\":\"2023-07-13T07:00:03+00:00\",\"dateModified\":\"2024-09-03T13:52:37+00:00\",\"description\":\"Welcome to the Philosophy programme at Georg Olms Verlag!\",\"breadcrumb\":{\"@id\":\"https:\/\/www.olms.de\/en\/philosophy\/#breadcrumb\"},\"inLanguage\":\"en-US\",\"potentialAction\":[{\"@type\":\"ReadAction\",\"target\":[\"https:\/\/www.olms.de\/en\/philosophy\/\"]}]},{\"@type\":\"ImageObject\",\"inLanguage\":\"en-US\",\"@id\":\"https:\/\/www.olms.de\/en\/philosophy\/#primaryimage\",\"url\":\"https:\/\/www.olms.de\/wp-content\/uploads\/sites\/7\/2023\/06\/255px-Sanzio_01_Plato_Aristotle.jpg\",\"contentUrl\":\"https:\/\/www.olms.de\/wp-content\/uploads\/sites\/7\/2023\/06\/255px-Sanzio_01_Plato_Aristotle.jpg\",\"width\":255,\"height\":334,\"caption\":\"Plato und Aristotle\"},{\"@type\":\"BreadcrumbList\",\"@id\":\"https:\/\/www.olms.de\/en\/philosophy\/#breadcrumb\",\"itemListElement\":[{\"@type\":\"ListItem\",\"position\":1,\"name\":\"Homepage\",\"item\":\"https:\/\/www.olms.de\/en\/\"},{\"@type\":\"ListItem\",\"position\":2,\"name\":\"Philosophy\"}]},{\"@type\":\"WebSite\",\"@id\":\"https:\/\/www.olms.de\/en\/#website\",\"url\":\"https:\/\/www.olms.de\/en\/\",\"name\":\"Olms Verlag\",\"description\":\"\",\"potentialAction\":[{\"@type\":\"SearchAction\",\"target\":{\"@type\":\"EntryPoint\",\"urlTemplate\":\"https:\/\/www.olms.de\/en\/?s={search_term_string}\"},\"query-input\":{\"@type\":\"PropertyValueSpecification\",\"valueRequired\":true,\"valueName\":\"search_term_string\"}}],\"inLanguage\":\"en-US\"}]}<\/script>\n<!-- \/ Yoast SEO Premium plugin. -->","yoast_head_json":{"title":"Philosophy | Georg Olms Verlag","description":"Welcome to the Philosophy programme at Georg Olms Verlag!","robots":{"index":"index","follow":"follow","max-snippet":"max-snippet:-1","max-image-preview":"max-image-preview:large","max-video-preview":"max-video-preview:-1"},"canonical":"https:\/\/www.olms.de\/en\/philosophy\/","og_locale":"en_US","og_type":"article","og_title":"Philosophy","og_description":"Welcome to the Philosophy programme at Georg Olms Verlag!","og_url":"https:\/\/www.olms.de\/en\/philosophy\/","og_site_name":"Olms Verlag","article_modified_time":"2024-09-03T13:52:37+00:00","og_image":[{"width":255,"height":334,"url":"https:\/\/www.olms.de\/wp-content\/uploads\/sites\/7\/2023\/06\/255px-Sanzio_01_Plato_Aristotle.jpg","type":"image\/jpeg"}],"twitter_card":"summary_large_image","twitter_image":"https:\/\/www.olms.de\/wp-content\/uploads\/sites\/7\/2023\/06\/255px-Sanzio_01_Plato_Aristotle.jpg","schema":{"@context":"https:\/\/schema.org","@graph":[{"@type":"WebPage","@id":"https:\/\/www.olms.de\/en\/philosophy\/","url":"https:\/\/www.olms.de\/en\/philosophy\/","name":"Philosophy | Georg Olms Verlag","isPartOf":{"@id":"https:\/\/www.olms.de\/en\/#website"},"primaryImageOfPage":{"@id":"https:\/\/www.olms.de\/en\/philosophy\/#primaryimage"},"image":{"@id":"https:\/\/www.olms.de\/en\/philosophy\/#primaryimage"},"thumbnailUrl":"https:\/\/www.olms.de\/wp-content\/uploads\/sites\/7\/2023\/06\/255px-Sanzio_01_Plato_Aristotle.jpg","datePublished":"2023-07-13T07:00:03+00:00","dateModified":"2024-09-03T13:52:37+00:00","description":"Welcome to the Philosophy programme at Georg Olms Verlag!","breadcrumb":{"@id":"https:\/\/www.olms.de\/en\/philosophy\/#breadcrumb"},"inLanguage":"en-US","potentialAction":[{"@type":"ReadAction","target":["https:\/\/www.olms.de\/en\/philosophy\/"]}]},{"@type":"ImageObject","inLanguage":"en-US","@id":"https:\/\/www.olms.de\/en\/philosophy\/#primaryimage","url":"https:\/\/www.olms.de\/wp-content\/uploads\/sites\/7\/2023\/06\/255px-Sanzio_01_Plato_Aristotle.jpg","contentUrl":"https:\/\/www.olms.de\/wp-content\/uploads\/sites\/7\/2023\/06\/255px-Sanzio_01_Plato_Aristotle.jpg","width":255,"height":334,"caption":"Plato und Aristotle"},{"@type":"BreadcrumbList","@id":"https:\/\/www.olms.de\/en\/philosophy\/#breadcrumb","itemListElement":[{"@type":"ListItem","position":1,"name":"Homepage","item":"https:\/\/www.olms.de\/en\/"},{"@type":"ListItem","position":2,"name":"Philosophy"}]},{"@type":"WebSite","@id":"https:\/\/www.olms.de\/en\/#website","url":"https:\/\/www.olms.de\/en\/","name":"Olms Verlag","description":"","potentialAction":[{"@type":"SearchAction","target":{"@type":"EntryPoint","urlTemplate":"https:\/\/www.olms.de\/en\/?s={search_term_string}"},"query-input":{"@type":"PropertyValueSpecification","valueRequired":true,"valueName":"search_term_string"}}],"inLanguage":"en-US"}]}},"_links":{"self":[{"href":"https:\/\/www.olms.de\/en\/wp-json\/wp\/v2\/pages\/213","targetHints":{"allow":["GET"]}}],"collection":[{"href":"https:\/\/www.olms.de\/en\/wp-json\/wp\/v2\/pages"}],"about":[{"href":"https:\/\/www.olms.de\/en\/wp-json\/wp\/v2\/types\/page"}],"author":[{"embeddable":true,"href":"https:\/\/www.olms.de\/en\/wp-json\/wp\/v2\/users\/18"}],"replies":[{"embeddable":true,"href":"https:\/\/www.olms.de\/en\/wp-json\/wp\/v2\/comments?post=213"}],"version-history":[{"count":75,"href":"https:\/\/www.olms.de\/en\/wp-json\/wp\/v2\/pages\/213\/revisions"}],"predecessor-version":[{"id":3618,"href":"https:\/\/www.olms.de\/en\/wp-json\/wp\/v2\/pages\/213\/revisions\/3618"}],"wp:featuredmedia":[{"embeddable":true,"href":"https:\/\/www.olms.de\/en\/wp-json\/wp\/v2\/media\/925"}],"wp:attachment":[{"href":"https:\/\/www.olms.de\/en\/wp-json\/wp\/v2\/media?parent=213"}],"curies":[{"name":"wp","href":"https:\/\/api.w.org\/{rel}","templated":true}]}}