{"id":207,"date":"2023-07-13T08:56:23","date_gmt":"2023-07-13T06:56:23","guid":{"rendered":"https:\/\/olms.nomos.de\/?page_id=207"},"modified":"2025-01-24T14:29:26","modified_gmt":"2025-01-24T13:29:26","slug":"art","status":"publish","type":"page","link":"https:\/\/www.olms.de\/en\/art\/","title":{"rendered":"History of Art"},"content":{"rendered":"\n<section class=\"content-stage big-stage bottom-type-1 image-type-1 \">\n    <div class=\"text-item\">\n        \n                    <h3 class=\"headline-2 text-typing\"\n                data-text=\"History of Art\">\n                            <\/h3>\n        \n                    <div class=\"wysiwyg\">\n                <p>While the history of art has a modest place in the publishing programm at Georg Olms Verlag, it nevertheless carries works of significant value and calibre. At the core of the programme is the series, <em>Studien zur Kunstgeschichte<\/em> (Studies on Art History, only available in German). First published over five decades ago, the series now comprises over 220 monographs, anthologies and catalogues raisonn\u00e9s, many of which have now found acclaim as essential reference books and fundamental reading.<\/p>\n<p>We also carry a wide range of reprints and collected works of prominent modern-era art historians. Of particular note is the 16-volume complete works of Carl Friedrich von Rumohrs, now supplemented by a companion textbook series.<\/p>\n\n            <\/div>\n        \n        \n            <\/div>\n\n            <div class=\"image-item\">\n            \n            <div class=\"js-scroll-animations scroll-animations__image-wrapper \" data-scroll-animation-type=\"zoomImage\">\n                                    <picture class=\"content-block__image\">\n                                    \n                                                                                        \n                                                                    \n                                    <source\n                            type=\"image\/webp\"\n                            srcset=\"                                                                                                                                https:\/\/www.olms.de\/wp-content\/uploads\/sites\/7\/2023\/08\/Olms_Kunstgeschichte-1056x0-c-default.webp 1056w\n                                                                                                                \"\n                            sizes=\"1056px\"\n                    >\n                                            \n                                                                                        \n                                                                    \n                                    <img decoding=\"async\"\n                                                    loading=\"lazy\"\n                                                decode=\"async\"\n                        src=\"https:\/\/www.olms.de\/wp-content\/uploads\/sites\/7\/2023\/08\/Olms_Kunstgeschichte-50x0-c-default.jpg\"\n                        srcset=\"                                                                                                                                https:\/\/www.olms.de\/wp-content\/uploads\/sites\/7\/2023\/08\/Olms_Kunstgeschichte-1056x0-c-default.jpg 1056w\n                                                                                                                \"\n                        sizes=\"auto, 1056px\"\n                        alt=\"Kunstgeschichte im  Georg Olms Verlag \"\n                        \n                        width=\"1056\"\n                        height=\"\"\n                    >\n                                        <\/picture>\n\n            <\/div>\n\n            <div class=\"tablet-image\">\n                    <picture >\n                                    \n                                                                                        \n                                                                    \n                                    <source\n                            type=\"image\/webp\"\n                            srcset=\"                                                                                                                                https:\/\/www.olms.de\/wp-content\/uploads\/sites\/7\/2023\/08\/Olms_Kunstgeschichte-412x0-c-default.webp 412w\n                                                                            ,                                                                                                                                https:\/\/www.olms.de\/wp-content\/uploads\/sites\/7\/2023\/08\/Olms_Kunstgeschichte-528x0-c-default.webp 528w\n                                                                            ,                                                                                                                                https:\/\/www.olms.de\/wp-content\/uploads\/sites\/7\/2023\/08\/Olms_Kunstgeschichte-980x0-c-default.webp 980w\n                                                                                                                \"\n                            sizes=\"(-webkit-min-device-pixel-ratio: 2) 50vw,\n                            (min-resolution: 192dpi) 50vw,\n                            (min-resolution: 2dppx) 50vw,\n                            (-webkit-min-device-pixel-ratio: 3) 33.33vw,\n                            (min-resolution: 288dpi) 33.33vw,\n                            (min-resolution: 3dppx) 33.33vw\"\n                    >\n                                            \n                                                                                        \n                                                                    \n                                    <img decoding=\"async\"\n                                                    loading=\"lazy\"\n                                                decode=\"async\"\n                        src=\"https:\/\/www.olms.de\/wp-content\/uploads\/sites\/7\/2023\/08\/Olms_Kunstgeschichte-50x0-c-default.jpg\"\n                        srcset=\"                                                                                                                                https:\/\/www.olms.de\/wp-content\/uploads\/sites\/7\/2023\/08\/Olms_Kunstgeschichte-412x0-c-default.jpg 412w\n                                                                            ,                                                                                                                                https:\/\/www.olms.de\/wp-content\/uploads\/sites\/7\/2023\/08\/Olms_Kunstgeschichte-528x0-c-default.jpg 528w\n                                                                            ,                                                                                                                                https:\/\/www.olms.de\/wp-content\/uploads\/sites\/7\/2023\/08\/Olms_Kunstgeschichte-980x0-c-default.jpg 980w\n                                                                                                                \"\n                        sizes=\"auto, (-webkit-min-device-pixel-ratio: 2) 50vw,\n                            (min-resolution: 192dpi) 50vw,\n                            (min-resolution: 2dppx) 50vw,\n                            (-webkit-min-device-pixel-ratio: 3) 33.33vw,\n                            (min-resolution: 288dpi) 33.33vw,\n                            (min-resolution: 3dppx) 33.33vw\"\n                        alt=\"Kunstgeschichte im  Georg Olms Verlag \"\n                        \n                        width=\"412\"\n                        height=\"\"\n                    >\n                                        <\/picture>\n\n            <\/div>\n\n                    <\/div>\n    <\/section>\n\n\n<section class=\"content-plain-text no-margin \">\n    <div class=\"inner\">\n        <h3><strong>Book Series\u00a0<\/strong><\/h3>\n\n    <\/div>\n<\/section>\n\n\n<section class=\"content-faq\">\n    <div class=\"content-faq-item-list\">\n                    <article>\n                <div class=\"content-faq-item\">\n                    <h2 class=\"headline-5 js-accordion-headline\">\n                        Music and Sacred Architecture\n                    <\/h2>\n\n                    <div class=\"text wysiwyg\">\n                        <p>Edited by Dr. Tobias C. Wei\u00dfmann and Prof. Dr. Klaus Pietschmann<\/p>\n<p>The series focuses on the complex interrelation of music and sacred architecture from late antiquity to the early modern period from an interdisciplinary perspective. To what extent did composers and performers react to the architectural and acoustic characteristics of sacred spaces? In what ways did architects consider musical issues in designing and constructing new buildings? What role did liturgical regulations and innovations play in the relationship between rite, sound and space? And how were the multisensory performances experienced and perceived by the faithful? The series combines questions and expertise from musicology, architectural and art history, (archaeo-)acoustic, religious studies, anthropology and sensory studies.<\/p>\n<p><a href=\"https:\/\/www.nomos-shop.de\/en\/series\/series\/view\/id\/B001514500\/\">Learn more<\/a><\/p>\n\n                    <\/div>\n                <\/div>\n            <\/article>\n                    <article>\n                <div class=\"content-faq-item\">\n                    <h2 class=\"headline-5 js-accordion-headline\">\n                        Studien zur Kunstgeschichte \n                    <\/h2>\n\n                    <div class=\"text wysiwyg\">\n                        <p>In den \u201eStudien zur Kunstgeschichte\u201c (StuKu), die zu den wichtigsten und angesehensten Periodica der deutschsprachigen kunsthistorischen Forschung z\u00e4hlt, sind seit 1974 \u00fcber 220 Monographien, Sammelb\u00e4nde und Werkverzeichnisse erschienen, pro Jahr derzeit zwischen 2 und 4. Diese reine Verlagsreihe ohne Herausgeber ist thematisch sowie gestalterisch offen und versammelt grundlegende Forschungsbeitr\u00e4ge zu allen Gattungen und Epochen, wobei ein Schwerpunkt auf der europ\u00e4ischen Malerei vom 16.\u201318. Jahrhundert liegt. Monographische Werke zu so bedeutenden K\u00fcnstlern wie <em>Rembrandt, Giorgione, Holbein, Zuccaro, Hogarth<\/em> und <em>Whistler<\/em> wurden in j\u00fcngerer Zeit vermehrt durch architekturhistorische Studien kongenial erg\u00e4nzt. Viele j\u00fcngere Autorinnen und Autoren der Reihe wurden f\u00fcr ihre Ver\u00f6ffentlichungen mit F\u00f6rderpreisen ausgezeichnet und z\u00e4hlen inzwischen zu den namhaftesten Vertretern ihres Fachs.<\/p>\n<p><a href=\"https:\/\/www.nomos-shop.de\/en\/series\/series\/view\/id\/B001509700\">Learn more<\/a><\/p>\n\n                    <\/div>\n                <\/div>\n            <\/article>\n            <\/div>\n<\/section>\n\n\n<section class=\"content-link-card \">\n    <div class=\"inner link-right-border card-border-hover grey-active\">\n                    <h4>With you from start to finish <\/h4>\n        \n        <div class=\"border-hover\"><\/div>\n        <div class=\"text-item\">\n                            <div class=\"link\">\n                    <a href=\"\/en\/academic-publishing\/\"\n                       target=\"_blank\" rel=\"noopener\"\n                       class=\"link-blue-square\">\n                        Publish today \n                    <\/a>\n                <\/div>\n                    <\/div>\n    <\/div>\n<\/section>\n","protected":false},"excerpt":{"rendered":"","protected":false},"author":18,"featured_media":2081,"parent":0,"menu_order":0,"comment_status":"closed","ping_status":"closed","template":"","meta":{"_acf_changed":false,"footnotes":""},"class_list":["post-207","page","type-page","status-publish","has-post-thumbnail","hentry"],"acf":[],"yoast_head":"<!-- This site is optimized with the Yoast SEO Premium plugin v26.1 (Yoast SEO v26.2) - https:\/\/yoast.com\/wordpress\/plugins\/seo\/ -->\n<title>History of Art | Georg Olms Verlag<\/title>\n<meta name=\"description\" content=\"Art History at Georg Olms Verlag carries works of significant value and calibre. Discover over 220 monographs, anthologies and catalogues raisonn\u00e9s.\" \/>\n<meta name=\"robots\" content=\"index, follow, max-snippet:-1, max-image-preview:large, max-video-preview:-1\" \/>\n<link rel=\"canonical\" href=\"https:\/\/www.olms.de\/en\/art\/\" \/>\n<meta property=\"og:locale\" content=\"en_US\" \/>\n<meta property=\"og:type\" content=\"article\" \/>\n<meta property=\"og:title\" content=\"History of Art\" \/>\n<meta property=\"og:description\" content=\"Art History at Georg Olms Verlag carries works of significant value and calibre. Discover over 220 monographs, anthologies and catalogues raisonn\u00e9s.\" \/>\n<meta property=\"og:url\" content=\"https:\/\/www.olms.de\/en\/art\/\" \/>\n<meta property=\"og:site_name\" content=\"Olms Verlag\" \/>\n<meta property=\"article:modified_time\" content=\"2025-01-24T13:29:26+00:00\" \/>\n<meta property=\"og:image\" content=\"https:\/\/www.olms.de\/wp-content\/uploads\/sites\/7\/2023\/08\/Olms_Kunstgeschichte.jpg\" \/>\n\t<meta property=\"og:image:width\" content=\"1200\" \/>\n\t<meta property=\"og:image:height\" content=\"1290\" \/>\n\t<meta property=\"og:image:type\" content=\"image\/jpeg\" \/>\n<meta name=\"twitter:card\" content=\"summary_large_image\" \/>\n<meta name=\"twitter:image\" content=\"https:\/\/www.olms.de\/wp-content\/uploads\/sites\/7\/2023\/08\/Olms_Kunstgeschichte.jpg\" \/>\n<script type=\"application\/ld+json\" class=\"yoast-schema-graph\">{\"@context\":\"https:\/\/schema.org\",\"@graph\":[{\"@type\":\"WebPage\",\"@id\":\"https:\/\/www.olms.de\/en\/art\/\",\"url\":\"https:\/\/www.olms.de\/en\/art\/\",\"name\":\"History of Art | Georg Olms Verlag\",\"isPartOf\":{\"@id\":\"https:\/\/www.olms.de\/en\/#website\"},\"primaryImageOfPage\":{\"@id\":\"https:\/\/www.olms.de\/en\/art\/#primaryimage\"},\"image\":{\"@id\":\"https:\/\/www.olms.de\/en\/art\/#primaryimage\"},\"thumbnailUrl\":\"https:\/\/www.olms.de\/wp-content\/uploads\/sites\/7\/2023\/08\/Olms_Kunstgeschichte.jpg\",\"datePublished\":\"2023-07-13T06:56:23+00:00\",\"dateModified\":\"2025-01-24T13:29:26+00:00\",\"description\":\"Art History at Georg Olms Verlag carries works of significant value and calibre. Discover over 220 monographs, anthologies and catalogues raisonn\u00e9s.\",\"breadcrumb\":{\"@id\":\"https:\/\/www.olms.de\/en\/art\/#breadcrumb\"},\"inLanguage\":\"en-US\",\"potentialAction\":[{\"@type\":\"ReadAction\",\"target\":[\"https:\/\/www.olms.de\/en\/art\/\"]}]},{\"@type\":\"ImageObject\",\"inLanguage\":\"en-US\",\"@id\":\"https:\/\/www.olms.de\/en\/art\/#primaryimage\",\"url\":\"https:\/\/www.olms.de\/wp-content\/uploads\/sites\/7\/2023\/08\/Olms_Kunstgeschichte.jpg\",\"contentUrl\":\"https:\/\/www.olms.de\/wp-content\/uploads\/sites\/7\/2023\/08\/Olms_Kunstgeschichte.jpg\",\"width\":1200,\"height\":1290,\"caption\":\"Kunstgeschichte im Georg Olms Verlag\"},{\"@type\":\"BreadcrumbList\",\"@id\":\"https:\/\/www.olms.de\/en\/art\/#breadcrumb\",\"itemListElement\":[{\"@type\":\"ListItem\",\"position\":1,\"name\":\"Homepage\",\"item\":\"https:\/\/www.olms.de\/en\/\"},{\"@type\":\"ListItem\",\"position\":2,\"name\":\"History of Art\"}]},{\"@type\":\"WebSite\",\"@id\":\"https:\/\/www.olms.de\/en\/#website\",\"url\":\"https:\/\/www.olms.de\/en\/\",\"name\":\"Olms Verlag\",\"description\":\"\",\"potentialAction\":[{\"@type\":\"SearchAction\",\"target\":{\"@type\":\"EntryPoint\",\"urlTemplate\":\"https:\/\/www.olms.de\/en\/?s={search_term_string}\"},\"query-input\":{\"@type\":\"PropertyValueSpecification\",\"valueRequired\":true,\"valueName\":\"search_term_string\"}}],\"inLanguage\":\"en-US\"}]}<\/script>\n<!-- \/ Yoast SEO Premium plugin. -->","yoast_head_json":{"title":"History of Art | Georg Olms Verlag","description":"Art History at Georg Olms Verlag carries works of significant value and calibre. Discover over 220 monographs, anthologies and catalogues raisonn\u00e9s.","robots":{"index":"index","follow":"follow","max-snippet":"max-snippet:-1","max-image-preview":"max-image-preview:large","max-video-preview":"max-video-preview:-1"},"canonical":"https:\/\/www.olms.de\/en\/art\/","og_locale":"en_US","og_type":"article","og_title":"History of Art","og_description":"Art History at Georg Olms Verlag carries works of significant value and calibre. Discover over 220 monographs, anthologies and catalogues raisonn\u00e9s.","og_url":"https:\/\/www.olms.de\/en\/art\/","og_site_name":"Olms Verlag","article_modified_time":"2025-01-24T13:29:26+00:00","og_image":[{"width":1200,"height":1290,"url":"https:\/\/www.olms.de\/wp-content\/uploads\/sites\/7\/2023\/08\/Olms_Kunstgeschichte.jpg","type":"image\/jpeg"}],"twitter_card":"summary_large_image","twitter_image":"https:\/\/www.olms.de\/wp-content\/uploads\/sites\/7\/2023\/08\/Olms_Kunstgeschichte.jpg","schema":{"@context":"https:\/\/schema.org","@graph":[{"@type":"WebPage","@id":"https:\/\/www.olms.de\/en\/art\/","url":"https:\/\/www.olms.de\/en\/art\/","name":"History of Art | Georg Olms Verlag","isPartOf":{"@id":"https:\/\/www.olms.de\/en\/#website"},"primaryImageOfPage":{"@id":"https:\/\/www.olms.de\/en\/art\/#primaryimage"},"image":{"@id":"https:\/\/www.olms.de\/en\/art\/#primaryimage"},"thumbnailUrl":"https:\/\/www.olms.de\/wp-content\/uploads\/sites\/7\/2023\/08\/Olms_Kunstgeschichte.jpg","datePublished":"2023-07-13T06:56:23+00:00","dateModified":"2025-01-24T13:29:26+00:00","description":"Art History at Georg Olms Verlag carries works of significant value and calibre. Discover over 220 monographs, anthologies and catalogues raisonn\u00e9s.","breadcrumb":{"@id":"https:\/\/www.olms.de\/en\/art\/#breadcrumb"},"inLanguage":"en-US","potentialAction":[{"@type":"ReadAction","target":["https:\/\/www.olms.de\/en\/art\/"]}]},{"@type":"ImageObject","inLanguage":"en-US","@id":"https:\/\/www.olms.de\/en\/art\/#primaryimage","url":"https:\/\/www.olms.de\/wp-content\/uploads\/sites\/7\/2023\/08\/Olms_Kunstgeschichte.jpg","contentUrl":"https:\/\/www.olms.de\/wp-content\/uploads\/sites\/7\/2023\/08\/Olms_Kunstgeschichte.jpg","width":1200,"height":1290,"caption":"Kunstgeschichte im Georg Olms Verlag"},{"@type":"BreadcrumbList","@id":"https:\/\/www.olms.de\/en\/art\/#breadcrumb","itemListElement":[{"@type":"ListItem","position":1,"name":"Homepage","item":"https:\/\/www.olms.de\/en\/"},{"@type":"ListItem","position":2,"name":"History of Art"}]},{"@type":"WebSite","@id":"https:\/\/www.olms.de\/en\/#website","url":"https:\/\/www.olms.de\/en\/","name":"Olms Verlag","description":"","potentialAction":[{"@type":"SearchAction","target":{"@type":"EntryPoint","urlTemplate":"https:\/\/www.olms.de\/en\/?s={search_term_string}"},"query-input":{"@type":"PropertyValueSpecification","valueRequired":true,"valueName":"search_term_string"}}],"inLanguage":"en-US"}]}},"_links":{"self":[{"href":"https:\/\/www.olms.de\/en\/wp-json\/wp\/v2\/pages\/207","targetHints":{"allow":["GET"]}}],"collection":[{"href":"https:\/\/www.olms.de\/en\/wp-json\/wp\/v2\/pages"}],"about":[{"href":"https:\/\/www.olms.de\/en\/wp-json\/wp\/v2\/types\/page"}],"author":[{"embeddable":true,"href":"https:\/\/www.olms.de\/en\/wp-json\/wp\/v2\/users\/18"}],"replies":[{"embeddable":true,"href":"https:\/\/www.olms.de\/en\/wp-json\/wp\/v2\/comments?post=207"}],"version-history":[{"count":33,"href":"https:\/\/www.olms.de\/en\/wp-json\/wp\/v2\/pages\/207\/revisions"}],"predecessor-version":[{"id":3734,"href":"https:\/\/www.olms.de\/en\/wp-json\/wp\/v2\/pages\/207\/revisions\/3734"}],"wp:featuredmedia":[{"embeddable":true,"href":"https:\/\/www.olms.de\/en\/wp-json\/wp\/v2\/media\/2081"}],"wp:attachment":[{"href":"https:\/\/www.olms.de\/en\/wp-json\/wp\/v2\/media?parent=207"}],"curies":[{"name":"wp","href":"https:\/\/api.w.org\/{rel}","templated":true}]}}