{"id":205,"date":"2023-09-14T17:12:19","date_gmt":"2023-09-14T15:12:19","guid":{"rendered":"https:\/\/olms.nomos.de\/?page_id=205"},"modified":"2024-09-03T15:04:47","modified_gmt":"2024-09-03T13:04:47","slug":"fachbereich-judische-studien","status":"publish","type":"page","link":"https:\/\/www.olms.de\/en\/fachbereich-judische-studien\/","title":{"rendered":"Fachbereich J\u00fcdische Studien"},"content":{"rendered":"\n<section class=\"content-stage big-stage bottom-type-1 image-type-1 \">\n    <div class=\"text-item\">\n                    <h2 class=\"headline-3\">Fachbereich<\/h2>\n        \n                    <h3 class=\"headline-2 text-typing\"\n                data-text=\"Jewish Studies\">\n                            <\/h3>\n        \n                    <div class=\"wysiwyg\">\n                <p data-pm-slice=\"1 1 []\">The Jewish Studies programme at Georg Olms Verlag focuses on German-Jewish and European-Jewish discourses in past and present. Jewish culture and literature are at the centre of the programme. Publications discuss issues such as belonging to European societies, especially in Germany, as well as experiences of marginalisation and strategies of self-assertion.<\/p>\n<p>In this context, emancipation since the Enlightenment, Reform Judaism and cultural Jewish identity play an essential role. Jewish personalities such as Moses Mendelssohn, Salomon Formstecher, Salomon Ludwig Steinheim, Hedwig Dohm, Lou Andreas-Salom\u00e9, Theodor Lessing, Max Liebermann, Kurt Weill, Stefan Zweig, among many others, are an example of this.<\/p>\n<p>In the 20th century, National Socialism and the Shoah as well as life after the Shoah in Central Europe and Israel become pivotal issues. Last but not least, anti-Semitism in the 21st century is another key aspect of the publications in the programme.<\/p>\n\n            <\/div>\n        \n        \n            <\/div>\n\n            <div class=\"image-item\">\n            \n            <div class=\"js-scroll-animations scroll-animations__image-wrapper \" data-scroll-animation-type=\"zoomImage\">\n                                    <picture class=\"content-block__image\">\n                                    \n                                                                                        \n                                                                    \n                                    <source\n                            type=\"image\/webp\"\n                            srcset=\"                                                                                                                                https:\/\/www.olms.de\/wp-content\/uploads\/sites\/7\/2023\/05\/Hildesheim_Georg_Olms_Verlag-1056x0-c-default.webp 1056w\n                                                                                                                \"\n                            sizes=\"1056px\"\n                    >\n                                            \n                                                                                        \n                                                                    \n                                    <img decoding=\"async\"\n                                                    loading=\"lazy\"\n                                                decode=\"async\"\n                        src=\"https:\/\/www.olms.de\/wp-content\/uploads\/sites\/7\/2023\/05\/Hildesheim_Georg_Olms_Verlag-50x0-c-default.jpg\"\n                        srcset=\"                                                                                                                                https:\/\/www.olms.de\/wp-content\/uploads\/sites\/7\/2023\/05\/Hildesheim_Georg_Olms_Verlag-1056x0-c-default.jpg 1056w\n                                                                                                                \"\n                        sizes=\"auto, 1056px\"\n                        alt=\"OLMS Verlag in Hildesheim\"\n                        \n                        width=\"1056\"\n                        height=\"\"\n                    >\n                                        <\/picture>\n\n            <\/div>\n\n            <div class=\"tablet-image\">\n                    <picture >\n                                    \n                                                                                        \n                                                                    \n                                    <source\n                            type=\"image\/webp\"\n                            srcset=\"                                                                                                                                https:\/\/www.olms.de\/wp-content\/uploads\/sites\/7\/2023\/05\/Hildesheim_Georg_Olms_Verlag-412x0-c-default.webp 412w\n                                                                            ,                                                                                                                                https:\/\/www.olms.de\/wp-content\/uploads\/sites\/7\/2023\/05\/Hildesheim_Georg_Olms_Verlag-528x0-c-default.webp 528w\n                                                                            ,                                                                                                                                https:\/\/www.olms.de\/wp-content\/uploads\/sites\/7\/2023\/05\/Hildesheim_Georg_Olms_Verlag-980x0-c-default.webp 980w\n                                                                                                                \"\n                            sizes=\"(-webkit-min-device-pixel-ratio: 2) 50vw,\n                            (min-resolution: 192dpi) 50vw,\n                            (min-resolution: 2dppx) 50vw,\n                            (-webkit-min-device-pixel-ratio: 3) 33.33vw,\n                            (min-resolution: 288dpi) 33.33vw,\n                            (min-resolution: 3dppx) 33.33vw\"\n                    >\n                                            \n                                                                                        \n                                                                    \n                                    <img decoding=\"async\"\n                                                    loading=\"lazy\"\n                                                decode=\"async\"\n                        src=\"https:\/\/www.olms.de\/wp-content\/uploads\/sites\/7\/2023\/05\/Hildesheim_Georg_Olms_Verlag-50x0-c-default.jpg\"\n                        srcset=\"                                                                                                                                https:\/\/www.olms.de\/wp-content\/uploads\/sites\/7\/2023\/05\/Hildesheim_Georg_Olms_Verlag-412x0-c-default.jpg 412w\n                                                                            ,                                                                                                                                https:\/\/www.olms.de\/wp-content\/uploads\/sites\/7\/2023\/05\/Hildesheim_Georg_Olms_Verlag-528x0-c-default.jpg 528w\n                                                                            ,                                                                                                                                https:\/\/www.olms.de\/wp-content\/uploads\/sites\/7\/2023\/05\/Hildesheim_Georg_Olms_Verlag-980x0-c-default.jpg 980w\n                                                                                                                \"\n                        sizes=\"auto, (-webkit-min-device-pixel-ratio: 2) 50vw,\n                            (min-resolution: 192dpi) 50vw,\n                            (min-resolution: 2dppx) 50vw,\n                            (-webkit-min-device-pixel-ratio: 3) 33.33vw,\n                            (min-resolution: 288dpi) 33.33vw,\n                            (min-resolution: 3dppx) 33.33vw\"\n                        alt=\"OLMS Verlag in Hildesheim\"\n                        \n                        width=\"412\"\n                        height=\"\"\n                    >\n                                        <\/picture>\n\n            <\/div>\n\n                    <\/div>\n    <\/section>\n\n\n<section class=\"content-plain-text no-margin \">\n    <div class=\"inner\">\n        <h2>Schriftenreihe<\/h2>\n\n    <\/div>\n<\/section>\n\n\n<section class=\"content-faq\">\n    <div class=\"content-faq-item-list\">\n                    <article>\n                <div class=\"content-faq-item\">\n                    <h2 class=\"headline-5 js-accordion-headline\">\n                        Musica Aesthetica\n                    <\/h2>\n\n                    <div class=\"text wysiwyg\">\n                        <p>In den Schriften der Reihe <em><strong>Musica Aesthetica<\/strong><\/em> werden musikalische und musikgeschichtliche Ph\u00e4nomene aus inter- bzw. transdisziplin\u00e4ren Perspektiven betrachtet. Der Focus ist dabei nicht ausschlie\u00dflich auf ein Instrument, eine Komposition, eine Gattung oder eine Art der Auff\u00fchrungspraxis gerichtet, vielmehr werden auch die \u00fcbergeordneten kulturhistorischen, gesellschaftlichen, politischen und kultischen Kontexte in den Blick genommen. Die dadurch gewonnenen Erkenntnisse zielen auf eine Um- bzw. Neubewertung des jeweiligen untersuchten Gegenstands ab und sollen nicht nur theoretischen Wert im musikwissenschaftlichen Sinne besitzen, sondern auch Bedeutung f\u00fcr eine differenzierte Herangehensweise bei der k\u00fcnstlerischen Interpretation gewinnen k\u00f6nnen. Im Vordergrund steht daher immer das Zusammenwirken von Theorie und Praxis der Musik im Hinblick auf eine dem jeweiligen Kunstwerk bzw. der jeweiligen Kunstform immanente \u00c4sthetik und deren Prozesshaftigkeit im Wechsel zeitgeschichtlicher Gegebenheiten. Die aus objektiven Tatsachen und deren Analyse gewonnenen Ergebnisse beanspruchen gleicherma\u00dfen Relevanz f\u00fcr das wissenschaftliche und f\u00fcr das musikalische Geschehen der Gegenwart. Die Schriften der Reihe <em><strong>Musica Aesthetica<\/strong><\/em> richten sich an Wissenschaftler, Interpreten und interessierte Musikfreunde.<\/p>\n<p><a href=\"https:\/\/www.nomos-shop.de\/en\/series\/series\/view\/id\/B001205600\">Find out more<\/a><\/p>\n\n                    <\/div>\n                <\/div>\n            <\/article>\n            <\/div>\n<\/section>\n\n\n<div class=\"section-columns \">\n    <section class=\"content-link-card\">\n        <div class=\"inner card-border-hover \">\n\n                            <h4>Monographien<\/h4>\n            \n            <div class=\"border-hover\"><\/div>\n            <div class=\"text-item\">\n\n                                    <p><p>Einzeltitel zum Themenbereich J\u00fcdische Studien finden Sie im Online Shop.<\/p>\n<\/p>\n                \n                                    <div class=\"link\">\n                        <a href=\"https:\/\/www.nomos-shop.de\/ergon\/titel\/die-kompositionsskizze-zu-richard-wagners-die-walkuere-id-86587\/\"\n                           class=\"link-blue-square\"\n                           target=\"_blank\" rel=\"noopener\">\n                            Zum Shop\n                        <\/a>\n                    <\/div>\n                \n            <\/div>\n        <\/div>\n    <\/section>\n    <section class=\"content-link-card\">\n        <div class=\"inner card-border-hover \">\n\n                            <h4>Wissenschaftlich Publizieren<\/h4>\n            \n            <div class=\"border-hover\"><\/div>\n            <div class=\"text-item\">\n\n                                    <p><p>Wir begleiten Sie vom Manuskript zum fertigen Buch.<\/p>\n<\/p>\n                \n                                    <div class=\"link\">\n                        <a href=\"\/wissenschaftlich-publizieren\/\"\n                           class=\"link-blue-square\"\n                           target=\"\" rel=\"noopener\">\n                            Jetzt Autor:in werden\n                        <\/a>\n                    <\/div>\n                \n            <\/div>\n        <\/div>\n    <\/section>\n<\/div>\n","protected":false},"excerpt":{"rendered":"","protected":false},"author":18,"featured_media":2703,"parent":0,"menu_order":0,"comment_status":"closed","ping_status":"closed","template":"","meta":{"_acf_changed":false,"footnotes":""},"class_list":["post-205","page","type-page","status-publish","has-post-thumbnail","hentry"],"acf":[],"yoast_head":"<!-- This site is optimized with the Yoast SEO Premium plugin v26.1 (Yoast SEO v26.2) - https:\/\/yoast.com\/wordpress\/plugins\/seo\/ -->\n<title>Fachbereich J\u00fcdische Studien | Georg Olms Verlag<\/title>\n<meta name=\"description\" content=\"Entdecken Sie den Programmbereich J\u00fcdische Studien im Georg Olms Verlag.\" \/>\n<meta name=\"robots\" content=\"index, follow, max-snippet:-1, max-image-preview:large, max-video-preview:-1\" \/>\n<link rel=\"canonical\" href=\"https:\/\/www.olms.de\/en\/fachbereich-judische-studien\/\" \/>\n<meta property=\"og:locale\" content=\"en_US\" \/>\n<meta property=\"og:type\" content=\"article\" \/>\n<meta property=\"og:title\" content=\"Fachbereich J\u00fcdische Studien\" \/>\n<meta property=\"og:description\" content=\"Entdecken Sie den Programmbereich J\u00fcdische Studien im Georg Olms Verlag.\" \/>\n<meta property=\"og:url\" content=\"https:\/\/www.olms.de\/en\/fachbereich-judische-studien\/\" \/>\n<meta property=\"og:site_name\" content=\"Olms Verlag\" \/>\n<meta property=\"article:modified_time\" content=\"2024-09-03T13:04:47+00:00\" \/>\n<meta property=\"og:image\" content=\"https:\/\/www.olms.de\/wp-content\/uploads\/sites\/7\/2023\/09\/Leningrad_Codex_Carpet_page_e.jpg\" \/>\n\t<meta property=\"og:image:width\" content=\"430\" \/>\n\t<meta property=\"og:image:height\" content=\"495\" \/>\n\t<meta property=\"og:image:type\" content=\"image\/jpeg\" \/>\n<meta name=\"twitter:card\" content=\"summary_large_image\" \/>\n<script type=\"application\/ld+json\" class=\"yoast-schema-graph\">{\"@context\":\"https:\/\/schema.org\",\"@graph\":[{\"@type\":\"WebPage\",\"@id\":\"https:\/\/www.olms.de\/en\/fachbereich-judische-studien\/\",\"url\":\"https:\/\/www.olms.de\/en\/fachbereich-judische-studien\/\",\"name\":\"Fachbereich J\u00fcdische Studien | Georg Olms Verlag\",\"isPartOf\":{\"@id\":\"https:\/\/www.olms.de\/en\/#website\"},\"primaryImageOfPage\":{\"@id\":\"https:\/\/www.olms.de\/en\/fachbereich-judische-studien\/#primaryimage\"},\"image\":{\"@id\":\"https:\/\/www.olms.de\/en\/fachbereich-judische-studien\/#primaryimage\"},\"thumbnailUrl\":\"https:\/\/www.olms.de\/wp-content\/uploads\/sites\/7\/2023\/09\/Leningrad_Codex_Carpet_page_e.jpg\",\"datePublished\":\"2023-09-14T15:12:19+00:00\",\"dateModified\":\"2024-09-03T13:04:47+00:00\",\"description\":\"Entdecken Sie den Programmbereich J\u00fcdische Studien im Georg Olms Verlag.\",\"breadcrumb\":{\"@id\":\"https:\/\/www.olms.de\/en\/fachbereich-judische-studien\/#breadcrumb\"},\"inLanguage\":\"en-US\",\"potentialAction\":[{\"@type\":\"ReadAction\",\"target\":[\"https:\/\/www.olms.de\/en\/fachbereich-judische-studien\/\"]}]},{\"@type\":\"ImageObject\",\"inLanguage\":\"en-US\",\"@id\":\"https:\/\/www.olms.de\/en\/fachbereich-judische-studien\/#primaryimage\",\"url\":\"https:\/\/www.olms.de\/wp-content\/uploads\/sites\/7\/2023\/09\/Leningrad_Codex_Carpet_page_e.jpg\",\"contentUrl\":\"https:\/\/www.olms.de\/wp-content\/uploads\/sites\/7\/2023\/09\/Leningrad_Codex_Carpet_page_e.jpg\",\"width\":430,\"height\":495,\"caption\":\"Fachbereich J\u00fcdische Studien\"},{\"@type\":\"BreadcrumbList\",\"@id\":\"https:\/\/www.olms.de\/en\/fachbereich-judische-studien\/#breadcrumb\",\"itemListElement\":[{\"@type\":\"ListItem\",\"position\":1,\"name\":\"Homepage\",\"item\":\"https:\/\/www.olms.de\/en\/\"},{\"@type\":\"ListItem\",\"position\":2,\"name\":\"Fachbereich J\u00fcdische Studien\"}]},{\"@type\":\"WebSite\",\"@id\":\"https:\/\/www.olms.de\/en\/#website\",\"url\":\"https:\/\/www.olms.de\/en\/\",\"name\":\"Olms Verlag\",\"description\":\"\",\"potentialAction\":[{\"@type\":\"SearchAction\",\"target\":{\"@type\":\"EntryPoint\",\"urlTemplate\":\"https:\/\/www.olms.de\/en\/?s={search_term_string}\"},\"query-input\":{\"@type\":\"PropertyValueSpecification\",\"valueRequired\":true,\"valueName\":\"search_term_string\"}}],\"inLanguage\":\"en-US\"}]}<\/script>\n<!-- \/ Yoast SEO Premium plugin. -->","yoast_head_json":{"title":"Fachbereich J\u00fcdische Studien | Georg Olms Verlag","description":"Entdecken Sie den Programmbereich J\u00fcdische Studien im Georg Olms Verlag.","robots":{"index":"index","follow":"follow","max-snippet":"max-snippet:-1","max-image-preview":"max-image-preview:large","max-video-preview":"max-video-preview:-1"},"canonical":"https:\/\/www.olms.de\/en\/fachbereich-judische-studien\/","og_locale":"en_US","og_type":"article","og_title":"Fachbereich J\u00fcdische Studien","og_description":"Entdecken Sie den Programmbereich J\u00fcdische Studien im Georg Olms Verlag.","og_url":"https:\/\/www.olms.de\/en\/fachbereich-judische-studien\/","og_site_name":"Olms Verlag","article_modified_time":"2024-09-03T13:04:47+00:00","og_image":[{"width":430,"height":495,"url":"https:\/\/www.olms.de\/wp-content\/uploads\/sites\/7\/2023\/09\/Leningrad_Codex_Carpet_page_e.jpg","type":"image\/jpeg"}],"twitter_card":"summary_large_image","schema":{"@context":"https:\/\/schema.org","@graph":[{"@type":"WebPage","@id":"https:\/\/www.olms.de\/en\/fachbereich-judische-studien\/","url":"https:\/\/www.olms.de\/en\/fachbereich-judische-studien\/","name":"Fachbereich J\u00fcdische Studien | Georg Olms Verlag","isPartOf":{"@id":"https:\/\/www.olms.de\/en\/#website"},"primaryImageOfPage":{"@id":"https:\/\/www.olms.de\/en\/fachbereich-judische-studien\/#primaryimage"},"image":{"@id":"https:\/\/www.olms.de\/en\/fachbereich-judische-studien\/#primaryimage"},"thumbnailUrl":"https:\/\/www.olms.de\/wp-content\/uploads\/sites\/7\/2023\/09\/Leningrad_Codex_Carpet_page_e.jpg","datePublished":"2023-09-14T15:12:19+00:00","dateModified":"2024-09-03T13:04:47+00:00","description":"Entdecken Sie den Programmbereich J\u00fcdische Studien im Georg Olms Verlag.","breadcrumb":{"@id":"https:\/\/www.olms.de\/en\/fachbereich-judische-studien\/#breadcrumb"},"inLanguage":"en-US","potentialAction":[{"@type":"ReadAction","target":["https:\/\/www.olms.de\/en\/fachbereich-judische-studien\/"]}]},{"@type":"ImageObject","inLanguage":"en-US","@id":"https:\/\/www.olms.de\/en\/fachbereich-judische-studien\/#primaryimage","url":"https:\/\/www.olms.de\/wp-content\/uploads\/sites\/7\/2023\/09\/Leningrad_Codex_Carpet_page_e.jpg","contentUrl":"https:\/\/www.olms.de\/wp-content\/uploads\/sites\/7\/2023\/09\/Leningrad_Codex_Carpet_page_e.jpg","width":430,"height":495,"caption":"Fachbereich J\u00fcdische Studien"},{"@type":"BreadcrumbList","@id":"https:\/\/www.olms.de\/en\/fachbereich-judische-studien\/#breadcrumb","itemListElement":[{"@type":"ListItem","position":1,"name":"Homepage","item":"https:\/\/www.olms.de\/en\/"},{"@type":"ListItem","position":2,"name":"Fachbereich J\u00fcdische Studien"}]},{"@type":"WebSite","@id":"https:\/\/www.olms.de\/en\/#website","url":"https:\/\/www.olms.de\/en\/","name":"Olms Verlag","description":"","potentialAction":[{"@type":"SearchAction","target":{"@type":"EntryPoint","urlTemplate":"https:\/\/www.olms.de\/en\/?s={search_term_string}"},"query-input":{"@type":"PropertyValueSpecification","valueRequired":true,"valueName":"search_term_string"}}],"inLanguage":"en-US"}]}},"_links":{"self":[{"href":"https:\/\/www.olms.de\/en\/wp-json\/wp\/v2\/pages\/205","targetHints":{"allow":["GET"]}}],"collection":[{"href":"https:\/\/www.olms.de\/en\/wp-json\/wp\/v2\/pages"}],"about":[{"href":"https:\/\/www.olms.de\/en\/wp-json\/wp\/v2\/types\/page"}],"author":[{"embeddable":true,"href":"https:\/\/www.olms.de\/en\/wp-json\/wp\/v2\/users\/18"}],"replies":[{"embeddable":true,"href":"https:\/\/www.olms.de\/en\/wp-json\/wp\/v2\/comments?post=205"}],"version-history":[{"count":14,"href":"https:\/\/www.olms.de\/en\/wp-json\/wp\/v2\/pages\/205\/revisions"}],"predecessor-version":[{"id":3609,"href":"https:\/\/www.olms.de\/en\/wp-json\/wp\/v2\/pages\/205\/revisions\/3609"}],"wp:featuredmedia":[{"embeddable":true,"href":"https:\/\/www.olms.de\/en\/wp-json\/wp\/v2\/media\/2703"}],"wp:attachment":[{"href":"https:\/\/www.olms.de\/en\/wp-json\/wp\/v2\/media?parent=205"}],"curies":[{"name":"wp","href":"https:\/\/api.w.org\/{rel}","templated":true}]}}