{"id":201,"date":"2023-06-22T15:52:06","date_gmt":"2023-06-22T13:52:06","guid":{"rendered":"https:\/\/olms.nomos.de\/?page_id=201"},"modified":"2024-10-18T10:02:51","modified_gmt":"2024-10-18T08:02:51","slug":"history","status":"publish","type":"page","link":"https:\/\/www.olms.de\/en\/history\/","title":{"rendered":"History"},"content":{"rendered":"\n<section class=\"content-stage big-stage bottom-type-1 image-type-1 small-margin\">\n    <div class=\"text-item\">\n        \n                    <h3 class=\"headline-2 \"\n                data-text=\"History \">\n                                    History \n                            <\/h3>\n        \n                    <div class=\"wysiwyg\">\n                <p>Our publishing programme covers all the epochs in human history, spanning the classical period right through contemporary history. A major area of focus, however, is post-war history, led by one of the most important history series, Historische Europa Studien \u2013 Geschichte in Erfahrung, Gegenwart und Zukunft (Michael Gehler). Since 2009, around thirty works, many of them comprehensive double-volumes with never-before-seen material, documents and witness statements, have appeared. The series aims to grasp European history and the history of European integration on a macroscopic and microscopic level.<\/p>\n\n            <\/div>\n        \n        \n            <\/div>\n\n            <div class=\"image-item\">\n            \n            <div class=\"js-scroll-animations scroll-animations__image-wrapper \" data-scroll-animation-type=\"zoomImage\">\n                                    <picture class=\"content-block__image\">\n                                    \n                                                                                        \n                                                                    \n                                    <source\n                            type=\"image\/webp\"\n                            srcset=\"                                                                                                                                https:\/\/www.olms.de\/wp-content\/uploads\/sites\/7\/2023\/06\/My-project-1-34-1056x0-c-default.webp 1056w\n                                                                                                                \"\n                            sizes=\"1056px\"\n                    >\n                                            \n                                                                                        \n                                                                    \n                                    <img decoding=\"async\"\n                                                    loading=\"lazy\"\n                                                decode=\"async\"\n                        src=\"https:\/\/www.olms.de\/wp-content\/uploads\/sites\/7\/2023\/06\/My-project-1-34-50x0-c-default.png\"\n                        srcset=\"                                                                                                                                https:\/\/www.olms.de\/wp-content\/uploads\/sites\/7\/2023\/06\/My-project-1-34-1056x0-c-default.jpg 1056w\n                                                                                                                \"\n                        sizes=\"auto, 1056px\"\n                        alt=\"Geschichtswissenschaft\"\n                        \n                        width=\"1056\"\n                        height=\"\"\n                    >\n                                        <\/picture>\n\n            <\/div>\n\n            <div class=\"tablet-image\">\n                    <picture >\n                                    \n                                                                                        \n                                                                    \n                                    <source\n                            type=\"image\/webp\"\n                            srcset=\"                                                                                                                                https:\/\/www.olms.de\/wp-content\/uploads\/sites\/7\/2023\/06\/My-project-1-34-412x0-c-default.webp 412w\n                                                                            ,                                                                                                                                https:\/\/www.olms.de\/wp-content\/uploads\/sites\/7\/2023\/06\/My-project-1-34-528x0-c-default.webp 528w\n                                                                            ,                                                                                                                                https:\/\/www.olms.de\/wp-content\/uploads\/sites\/7\/2023\/06\/My-project-1-34-980x0-c-default.webp 980w\n                                                                                                                \"\n                            sizes=\"(-webkit-min-device-pixel-ratio: 2) 50vw,\n                            (min-resolution: 192dpi) 50vw,\n                            (min-resolution: 2dppx) 50vw,\n                            (-webkit-min-device-pixel-ratio: 3) 33.33vw,\n                            (min-resolution: 288dpi) 33.33vw,\n                            (min-resolution: 3dppx) 33.33vw\"\n                    >\n                                            \n                                                                                        \n                                                                    \n                                    <img decoding=\"async\"\n                                                    loading=\"lazy\"\n                                                decode=\"async\"\n                        src=\"https:\/\/www.olms.de\/wp-content\/uploads\/sites\/7\/2023\/06\/My-project-1-34-50x0-c-default.png\"\n                        srcset=\"                                                                                                                                https:\/\/www.olms.de\/wp-content\/uploads\/sites\/7\/2023\/06\/My-project-1-34-412x0-c-default.jpg 412w\n                                                                            ,                                                                                                                                https:\/\/www.olms.de\/wp-content\/uploads\/sites\/7\/2023\/06\/My-project-1-34-528x0-c-default.jpg 528w\n                                                                            ,                                                                                                                                https:\/\/www.olms.de\/wp-content\/uploads\/sites\/7\/2023\/06\/My-project-1-34-980x0-c-default.jpg 980w\n                                                                                                                \"\n                        sizes=\"auto, (-webkit-min-device-pixel-ratio: 2) 50vw,\n                            (min-resolution: 192dpi) 50vw,\n                            (min-resolution: 2dppx) 50vw,\n                            (-webkit-min-device-pixel-ratio: 3) 33.33vw,\n                            (min-resolution: 288dpi) 33.33vw,\n                            (min-resolution: 3dppx) 33.33vw\"\n                        alt=\"Geschichtswissenschaft\"\n                        \n                        width=\"412\"\n                        height=\"\"\n                    >\n                                        <\/picture>\n\n            <\/div>\n\n                    <\/div>\n    <\/section>\n\n\n<section class=\"content-plain-text no-margin \">\n    <div class=\"inner\">\n        <h3>Book Series<\/h3>\n\n    <\/div>\n<\/section>\n\n\n<section class=\"content-faq\">\n    <div class=\"content-faq-item-list\">\n                    <article>\n                <div class=\"content-faq-item\">\n                    <h2 class=\"headline-5 js-accordion-headline\">\n                        Historische Europa-Studien \u2013 Geschichte in Erfahrung, Gegenwart und Zukunft\n                    <\/h2>\n\n                    <div class=\"text wysiwyg\">\n                        <p>Diese Reihe wird seit 2009 von Michael Gehler im Auftrag des Instituts f\u00fcr Geschichte der Stiftung Universit\u00e4t Hildesheim herausgegeben, das die \u201eHESt\u201c auch ma\u00dfgeblich finanziell f\u00f6rdert. Weitere F\u00f6rdergelder flie\u00dfen von der Jean-Monnet-Stiftung, dem ZukunftsFonds der Republik \u00d6sterreich und anderen europ\u00e4ischen Institutionen. Europas Geschichte im weiteren und die Geschichte der europ\u00e4ischen Integration im engeren Sinne als Forschungs- und Vermittlungsauftrag zu begreifen, ist Aufgabe dieser Reihe. Sie ver\u00f6ffentlicht Monographien, Ergebnisse von themenspezifischen \u201eworkshops\u201c und wissenschaftlichen Tagungen sowie systematische Zeitzeugenbefragungen.<\/p>\n<p><a href=\"https:\/\/www.nomos-shop.de\/en\/series\/series\/view\/id\/B001505200\/\" target=\"_blank\" rel=\"noopener\">Learn more<\/a><\/p>\n\n                    <\/div>\n                <\/div>\n            <\/article>\n                    <article>\n                <div class=\"content-faq-item\">\n                    <h2 class=\"headline-5 js-accordion-headline\">\n                        Historische Texte und Studien \n                    <\/h2>\n\n                    <div class=\"text wysiwyg\">\n                        <p>Die thematisch offene Reihe <em>Historische Texte und Studien<\/em> versammelt wissenschaftliche Qualifikationsarbeiten, Monographien und Sammelb\u00e4nde aus allen Teildisziplinen der Geschichtswissenschaft. In den letzten Jahren hat sich ihr Schwerpunkt auf biographische Titel sowie \u00dcberblicksdarstellungen zu gesellschaftspolitisch relevanten Themenfeldern verlagert, die sich dezidiert auch an ein breiteres Publikum richten.<\/p>\n<p><a href=\"https:\/\/www.nomos-shop.de\/en\/series\/series\/view\/id\/B001505300\" target=\"_blank\" rel=\"noopener\">Learn more<\/a><\/p>\n\n                    <\/div>\n                <\/div>\n            <\/article>\n            <\/div>\n<\/section>\n\n\n<section class=\"content-link-card small-margin\">\n    <div class=\"inner link-right-border card-border-hover grey-active\">\n                    <h4>With you from start to finish <\/h4>\n        \n        <div class=\"border-hover\"><\/div>\n        <div class=\"text-item\">\n                            <div class=\"link\">\n                    <a href=\"\/en\/academic-publishing\"\n                       target=\"_blank\" rel=\"noopener\"\n                       class=\"link-blue-square\">\n                        Publish today \n                    <\/a>\n                <\/div>\n                    <\/div>\n    <\/div>\n<\/section>\n","protected":false},"excerpt":{"rendered":"","protected":false},"author":18,"featured_media":613,"parent":0,"menu_order":0,"comment_status":"closed","ping_status":"closed","template":"","meta":{"_acf_changed":false,"footnotes":""},"class_list":["post-201","page","type-page","status-publish","has-post-thumbnail","hentry"],"acf":[],"yoast_head":"<!-- This site is optimized with the Yoast SEO Premium plugin v26.1 (Yoast SEO v26.2) - https:\/\/yoast.com\/wordpress\/plugins\/seo\/ -->\n<title>History | Georg Olms Verlag<\/title>\n<meta name=\"description\" content=\"Welcome to the History programme at Georg Olms Verlag!\" \/>\n<meta name=\"robots\" content=\"index, follow, max-snippet:-1, max-image-preview:large, max-video-preview:-1\" \/>\n<link rel=\"canonical\" href=\"https:\/\/www.olms.de\/en\/history\/\" \/>\n<meta property=\"og:locale\" content=\"en_US\" \/>\n<meta property=\"og:type\" content=\"article\" \/>\n<meta property=\"og:title\" content=\"History\" \/>\n<meta property=\"og:description\" content=\"Welcome to the History programme at Georg Olms Verlag!\" \/>\n<meta property=\"og:url\" content=\"https:\/\/www.olms.de\/en\/history\/\" \/>\n<meta property=\"og:site_name\" content=\"Olms Verlag\" \/>\n<meta property=\"article:modified_time\" content=\"2024-10-18T08:02:51+00:00\" \/>\n<meta property=\"og:image\" content=\"https:\/\/www.olms.de\/wp-content\/uploads\/sites\/7\/2023\/06\/Geschichtswissenschaft.jpg\" \/>\n\t<meta property=\"og:image:width\" content=\"1236\" \/>\n\t<meta property=\"og:image:height\" content=\"1280\" \/>\n\t<meta property=\"og:image:type\" content=\"image\/jpeg\" \/>\n<meta name=\"twitter:card\" content=\"summary_large_image\" \/>\n<meta name=\"twitter:image\" content=\"https:\/\/www.olms.de\/wp-content\/uploads\/sites\/7\/2023\/06\/Geschichtswissenschaft.jpg\" \/>\n<script type=\"application\/ld+json\" class=\"yoast-schema-graph\">{\"@context\":\"https:\/\/schema.org\",\"@graph\":[{\"@type\":\"WebPage\",\"@id\":\"https:\/\/www.olms.de\/en\/history\/\",\"url\":\"https:\/\/www.olms.de\/en\/history\/\",\"name\":\"History | Georg Olms Verlag\",\"isPartOf\":{\"@id\":\"https:\/\/www.olms.de\/en\/#website\"},\"primaryImageOfPage\":{\"@id\":\"https:\/\/www.olms.de\/en\/history\/#primaryimage\"},\"image\":{\"@id\":\"https:\/\/www.olms.de\/en\/history\/#primaryimage\"},\"thumbnailUrl\":\"https:\/\/www.olms.de\/wp-content\/uploads\/sites\/7\/2023\/06\/Geschichtswissenschaft-1.jpg\",\"datePublished\":\"2023-06-22T13:52:06+00:00\",\"dateModified\":\"2024-10-18T08:02:51+00:00\",\"description\":\"Welcome to the History programme at Georg Olms Verlag!\",\"breadcrumb\":{\"@id\":\"https:\/\/www.olms.de\/en\/history\/#breadcrumb\"},\"inLanguage\":\"en-US\",\"potentialAction\":[{\"@type\":\"ReadAction\",\"target\":[\"https:\/\/www.olms.de\/en\/history\/\"]}]},{\"@type\":\"ImageObject\",\"inLanguage\":\"en-US\",\"@id\":\"https:\/\/www.olms.de\/en\/history\/#primaryimage\",\"url\":\"https:\/\/www.olms.de\/wp-content\/uploads\/sites\/7\/2023\/06\/Geschichtswissenschaft-1.jpg\",\"contentUrl\":\"https:\/\/www.olms.de\/wp-content\/uploads\/sites\/7\/2023\/06\/Geschichtswissenschaft-1.jpg\",\"width\":1236,\"height\":1280,\"caption\":\"Fachbereich Geschichtswissenschaft\"},{\"@type\":\"BreadcrumbList\",\"@id\":\"https:\/\/www.olms.de\/en\/history\/#breadcrumb\",\"itemListElement\":[{\"@type\":\"ListItem\",\"position\":1,\"name\":\"Homepage\",\"item\":\"https:\/\/www.olms.de\/en\/\"},{\"@type\":\"ListItem\",\"position\":2,\"name\":\"History\"}]},{\"@type\":\"WebSite\",\"@id\":\"https:\/\/www.olms.de\/en\/#website\",\"url\":\"https:\/\/www.olms.de\/en\/\",\"name\":\"Olms Verlag\",\"description\":\"\",\"potentialAction\":[{\"@type\":\"SearchAction\",\"target\":{\"@type\":\"EntryPoint\",\"urlTemplate\":\"https:\/\/www.olms.de\/en\/?s={search_term_string}\"},\"query-input\":{\"@type\":\"PropertyValueSpecification\",\"valueRequired\":true,\"valueName\":\"search_term_string\"}}],\"inLanguage\":\"en-US\"}]}<\/script>\n<!-- \/ Yoast SEO Premium plugin. -->","yoast_head_json":{"title":"History | Georg Olms Verlag","description":"Welcome to the History programme at Georg Olms Verlag!","robots":{"index":"index","follow":"follow","max-snippet":"max-snippet:-1","max-image-preview":"max-image-preview:large","max-video-preview":"max-video-preview:-1"},"canonical":"https:\/\/www.olms.de\/en\/history\/","og_locale":"en_US","og_type":"article","og_title":"History","og_description":"Welcome to the History programme at Georg Olms Verlag!","og_url":"https:\/\/www.olms.de\/en\/history\/","og_site_name":"Olms Verlag","article_modified_time":"2024-10-18T08:02:51+00:00","og_image":[{"width":1236,"height":1280,"url":"https:\/\/www.olms.de\/wp-content\/uploads\/sites\/7\/2023\/06\/Geschichtswissenschaft.jpg","type":"image\/jpeg"}],"twitter_card":"summary_large_image","twitter_image":"https:\/\/www.olms.de\/wp-content\/uploads\/sites\/7\/2023\/06\/Geschichtswissenschaft.jpg","schema":{"@context":"https:\/\/schema.org","@graph":[{"@type":"WebPage","@id":"https:\/\/www.olms.de\/en\/history\/","url":"https:\/\/www.olms.de\/en\/history\/","name":"History | Georg Olms Verlag","isPartOf":{"@id":"https:\/\/www.olms.de\/en\/#website"},"primaryImageOfPage":{"@id":"https:\/\/www.olms.de\/en\/history\/#primaryimage"},"image":{"@id":"https:\/\/www.olms.de\/en\/history\/#primaryimage"},"thumbnailUrl":"https:\/\/www.olms.de\/wp-content\/uploads\/sites\/7\/2023\/06\/Geschichtswissenschaft-1.jpg","datePublished":"2023-06-22T13:52:06+00:00","dateModified":"2024-10-18T08:02:51+00:00","description":"Welcome to the History programme at Georg Olms Verlag!","breadcrumb":{"@id":"https:\/\/www.olms.de\/en\/history\/#breadcrumb"},"inLanguage":"en-US","potentialAction":[{"@type":"ReadAction","target":["https:\/\/www.olms.de\/en\/history\/"]}]},{"@type":"ImageObject","inLanguage":"en-US","@id":"https:\/\/www.olms.de\/en\/history\/#primaryimage","url":"https:\/\/www.olms.de\/wp-content\/uploads\/sites\/7\/2023\/06\/Geschichtswissenschaft-1.jpg","contentUrl":"https:\/\/www.olms.de\/wp-content\/uploads\/sites\/7\/2023\/06\/Geschichtswissenschaft-1.jpg","width":1236,"height":1280,"caption":"Fachbereich Geschichtswissenschaft"},{"@type":"BreadcrumbList","@id":"https:\/\/www.olms.de\/en\/history\/#breadcrumb","itemListElement":[{"@type":"ListItem","position":1,"name":"Homepage","item":"https:\/\/www.olms.de\/en\/"},{"@type":"ListItem","position":2,"name":"History"}]},{"@type":"WebSite","@id":"https:\/\/www.olms.de\/en\/#website","url":"https:\/\/www.olms.de\/en\/","name":"Olms Verlag","description":"","potentialAction":[{"@type":"SearchAction","target":{"@type":"EntryPoint","urlTemplate":"https:\/\/www.olms.de\/en\/?s={search_term_string}"},"query-input":{"@type":"PropertyValueSpecification","valueRequired":true,"valueName":"search_term_string"}}],"inLanguage":"en-US"}]}},"_links":{"self":[{"href":"https:\/\/www.olms.de\/en\/wp-json\/wp\/v2\/pages\/201","targetHints":{"allow":["GET"]}}],"collection":[{"href":"https:\/\/www.olms.de\/en\/wp-json\/wp\/v2\/pages"}],"about":[{"href":"https:\/\/www.olms.de\/en\/wp-json\/wp\/v2\/types\/page"}],"author":[{"embeddable":true,"href":"https:\/\/www.olms.de\/en\/wp-json\/wp\/v2\/users\/18"}],"replies":[{"embeddable":true,"href":"https:\/\/www.olms.de\/en\/wp-json\/wp\/v2\/comments?post=201"}],"version-history":[{"count":39,"href":"https:\/\/www.olms.de\/en\/wp-json\/wp\/v2\/pages\/201\/revisions"}],"predecessor-version":[{"id":3660,"href":"https:\/\/www.olms.de\/en\/wp-json\/wp\/v2\/pages\/201\/revisions\/3660"}],"wp:featuredmedia":[{"embeddable":true,"href":"https:\/\/www.olms.de\/en\/wp-json\/wp\/v2\/media\/613"}],"wp:attachment":[{"href":"https:\/\/www.olms.de\/en\/wp-json\/wp\/v2\/media?parent=201"}],"curies":[{"name":"wp","href":"https:\/\/api.w.org\/{rel}","templated":true}]}}