{"id":165,"date":"2023-05-10T15:32:02","date_gmt":"2023-05-10T13:32:02","guid":{"rendered":"https:\/\/olms.nomos.de\/impressum\/"},"modified":"2025-08-13T14:49:04","modified_gmt":"2025-08-13T12:49:04","slug":"impressum","status":"publish","type":"page","link":"https:\/\/www.olms.de\/en\/impressum\/","title":{"rendered":"Legal Notice"},"content":{"rendered":"<section class=\"content-plain-text content-plain-text--fullwidth \">\n    <div class=\"inner plain-md\">\n                    <h2>Legal Notice<\/h2>\n        \n                                    <h3>Responsible for this Website:<\/h3>\n            \n                            <p>Georg Olms Verlag, an imprint of Nomos Verlagsgesellschaft mbH &amp; Co. KG<br \/>\nWaldseestra\u00dfe 3 \u2013 5, 76530 Baden-Baden<br \/>\nRegistergericht: AG Mannheim \u2013 Register-Nr.: HRA 200026<br \/>\nUST-ID Nr. DE 143468840<\/p>\n\n                                                <h3>Legally Represented by the Personally Liable Company:<\/h3>\n            \n                            <p>Nomos Beteiligungsgesellschaft mbH<br \/>\nWaldseestra\u00dfe 3 \u2013 5, 76530 Baden-Baden<br \/>\nRegistergericht: AG Mannheim \u2013 Register-Nr.: HRB 201949<br \/>\nCEO and Gesch\u00e4ftsf\u00fchrer: Thomas Gottl\u00f6ber<\/p>\n<p>Telefon: +49 (0) 7221 2104-0<br \/>\nTelefax: +49 (0) 7221 2104-27<br \/>\nEmail: nomos@nomos.de<\/p>\n\n                                                <h3>Responsible in Accordance with \u00a7 18 Abs. 2 MStV<\/h3>\n            \n                            <p>Anke Schlemmer<br \/>\nEmail: a.schlemmer@nomos.de<\/p>\n\n                                                <h3>Online Dispute Resolution<\/h3>\n            \n                            <p>EU platform for out-of-court online dispute resolution.<\/p>\n\n                                                <h3>Consumer Dispute Resolution<\/h3>\n            \n                            <p>Georg Olms Verlag, an imprint of Nomos Verlagsgesellschaft mbH &amp; Co. KG, is neither legally obliged nor willing to participate in dispute resolution proceedings before a consumer arbitration board in accordance with the German Consumer Arbitration Act (VSBG)<\/p>\n\n                                                <h3>Copyright and Publishing Rights:<\/h3>\n            \n                            <p>All contributions published in this offer are protected by copyright. The legal protection also applies to databases and similar facilities. No part of this offer may be reproduced in any form outside the narrow limits of copyright law without the written permission of the publisher. Georg Olms Verlag, as an imprint of Nomos Verlagsgesellschaft, is not liable for unsolicited manuscripts and photographs.<\/p>\n<p>Disclaimer for contents and links: All information and data have been compiled to the best of our knowledge, but no guarantee is given for their completeness and correctness. Neither Georg Olms Verlag nor\u00a0 Nomos Verlagsgesellschaft mbH &amp; Co. KG has any influence whatsoever on the current and future design and content of external sites linked to this site. Therefore, it hereby expressly distances itself from all contents of all linked pages.<\/p>\n\n                        <\/div>\n<\/section>\n","protected":false},"excerpt":{"rendered":"","protected":false},"author":18,"featured_media":60,"parent":0,"menu_order":0,"comment_status":"closed","ping_status":"closed","template":"","meta":{"_acf_changed":false,"footnotes":""},"class_list":["post-165","page","type-page","status-publish","has-post-thumbnail","hentry"],"acf":[],"yoast_head":"<!-- This site is optimized with the Yoast SEO Premium plugin v26.1 (Yoast SEO v26.2) - https:\/\/yoast.com\/wordpress\/plugins\/seo\/ -->\n<title>Legal Notice | Georg Olms Verlag<\/title>\n<meta name=\"description\" content=\"Legal notice and responsible parties for the web contents of Georg Olms Verlag, an imprint of Nomos Verlagsgesellschaft mbH &amp; Co. KG\" \/>\n<meta name=\"robots\" content=\"index, follow, max-snippet:-1, max-image-preview:large, max-video-preview:-1\" \/>\n<link rel=\"canonical\" href=\"https:\/\/www.olms.de\/en\/impressum\/\" \/>\n<meta property=\"og:locale\" content=\"en_US\" \/>\n<meta property=\"og:type\" content=\"article\" \/>\n<meta property=\"og:title\" content=\"Legal Notice\" \/>\n<meta property=\"og:description\" content=\"Legal notice and responsible parties for the web contents of Georg Olms Verlag, an imprint of Nomos Verlagsgesellschaft mbH &amp; Co. KG\" \/>\n<meta property=\"og:url\" content=\"https:\/\/www.olms.de\/en\/impressum\/\" \/>\n<meta property=\"og:site_name\" content=\"Olms Verlag\" \/>\n<meta property=\"article:modified_time\" content=\"2025-08-13T12:49:04+00:00\" \/>\n<meta property=\"og:image\" content=\"https:\/\/www.olms.de\/wp-content\/uploads\/sites\/7\/2023\/05\/Georg-Olms-Verlag.png\" \/>\n\t<meta property=\"og:image:width\" content=\"225\" \/>\n\t<meta property=\"og:image:height\" content=\"225\" \/>\n\t<meta property=\"og:image:type\" content=\"image\/png\" \/>\n<meta name=\"twitter:card\" content=\"summary_large_image\" \/>\n<meta name=\"twitter:label1\" content=\"Est. reading time\" \/>\n\t<meta name=\"twitter:data1\" content=\"2 minutes\" \/>\n<script type=\"application\/ld+json\" class=\"yoast-schema-graph\">{\"@context\":\"https:\/\/schema.org\",\"@graph\":[{\"@type\":\"WebPage\",\"@id\":\"https:\/\/www.olms.de\/en\/impressum\/\",\"url\":\"https:\/\/www.olms.de\/en\/impressum\/\",\"name\":\"Legal Notice | Georg Olms Verlag\",\"isPartOf\":{\"@id\":\"https:\/\/www.olms.de\/en\/#website\"},\"primaryImageOfPage\":{\"@id\":\"https:\/\/www.olms.de\/en\/impressum\/#primaryimage\"},\"image\":{\"@id\":\"https:\/\/www.olms.de\/en\/impressum\/#primaryimage\"},\"thumbnailUrl\":\"https:\/\/www.olms.de\/wp-content\/uploads\/sites\/7\/2023\/05\/Georg-Olms-Verlag.png\",\"datePublished\":\"2023-05-10T13:32:02+00:00\",\"dateModified\":\"2025-08-13T12:49:04+00:00\",\"description\":\"Legal notice and responsible parties for the web contents of Georg Olms Verlag, an imprint of Nomos Verlagsgesellschaft mbH & Co. KG\",\"breadcrumb\":{\"@id\":\"https:\/\/www.olms.de\/en\/impressum\/#breadcrumb\"},\"inLanguage\":\"en-US\",\"potentialAction\":[{\"@type\":\"ReadAction\",\"target\":[\"https:\/\/www.olms.de\/en\/impressum\/\"]}]},{\"@type\":\"ImageObject\",\"inLanguage\":\"en-US\",\"@id\":\"https:\/\/www.olms.de\/en\/impressum\/#primaryimage\",\"url\":\"https:\/\/www.olms.de\/wp-content\/uploads\/sites\/7\/2023\/05\/Georg-Olms-Verlag.png\",\"contentUrl\":\"https:\/\/www.olms.de\/wp-content\/uploads\/sites\/7\/2023\/05\/Georg-Olms-Verlag.png\",\"width\":225,\"height\":225},{\"@type\":\"BreadcrumbList\",\"@id\":\"https:\/\/www.olms.de\/en\/impressum\/#breadcrumb\",\"itemListElement\":[{\"@type\":\"ListItem\",\"position\":1,\"name\":\"Homepage\",\"item\":\"https:\/\/www.olms.de\/en\/\"},{\"@type\":\"ListItem\",\"position\":2,\"name\":\"Legal Notice\"}]},{\"@type\":\"WebSite\",\"@id\":\"https:\/\/www.olms.de\/en\/#website\",\"url\":\"https:\/\/www.olms.de\/en\/\",\"name\":\"Olms Verlag\",\"description\":\"\",\"potentialAction\":[{\"@type\":\"SearchAction\",\"target\":{\"@type\":\"EntryPoint\",\"urlTemplate\":\"https:\/\/www.olms.de\/en\/?s={search_term_string}\"},\"query-input\":{\"@type\":\"PropertyValueSpecification\",\"valueRequired\":true,\"valueName\":\"search_term_string\"}}],\"inLanguage\":\"en-US\"}]}<\/script>\n<!-- \/ Yoast SEO Premium plugin. -->","yoast_head_json":{"title":"Legal Notice | Georg Olms Verlag","description":"Legal notice and responsible parties for the web contents of Georg Olms Verlag, an imprint of Nomos Verlagsgesellschaft mbH & Co. KG","robots":{"index":"index","follow":"follow","max-snippet":"max-snippet:-1","max-image-preview":"max-image-preview:large","max-video-preview":"max-video-preview:-1"},"canonical":"https:\/\/www.olms.de\/en\/impressum\/","og_locale":"en_US","og_type":"article","og_title":"Legal Notice","og_description":"Legal notice and responsible parties for the web contents of Georg Olms Verlag, an imprint of Nomos Verlagsgesellschaft mbH & Co. KG","og_url":"https:\/\/www.olms.de\/en\/impressum\/","og_site_name":"Olms Verlag","article_modified_time":"2025-08-13T12:49:04+00:00","og_image":[{"width":225,"height":225,"url":"https:\/\/www.olms.de\/wp-content\/uploads\/sites\/7\/2023\/05\/Georg-Olms-Verlag.png","type":"image\/png"}],"twitter_card":"summary_large_image","twitter_misc":{"Est. reading time":"2 minutes"},"schema":{"@context":"https:\/\/schema.org","@graph":[{"@type":"WebPage","@id":"https:\/\/www.olms.de\/en\/impressum\/","url":"https:\/\/www.olms.de\/en\/impressum\/","name":"Legal Notice | Georg Olms Verlag","isPartOf":{"@id":"https:\/\/www.olms.de\/en\/#website"},"primaryImageOfPage":{"@id":"https:\/\/www.olms.de\/en\/impressum\/#primaryimage"},"image":{"@id":"https:\/\/www.olms.de\/en\/impressum\/#primaryimage"},"thumbnailUrl":"https:\/\/www.olms.de\/wp-content\/uploads\/sites\/7\/2023\/05\/Georg-Olms-Verlag.png","datePublished":"2023-05-10T13:32:02+00:00","dateModified":"2025-08-13T12:49:04+00:00","description":"Legal notice and responsible parties for the web contents of Georg Olms Verlag, an imprint of Nomos Verlagsgesellschaft mbH & Co. KG","breadcrumb":{"@id":"https:\/\/www.olms.de\/en\/impressum\/#breadcrumb"},"inLanguage":"en-US","potentialAction":[{"@type":"ReadAction","target":["https:\/\/www.olms.de\/en\/impressum\/"]}]},{"@type":"ImageObject","inLanguage":"en-US","@id":"https:\/\/www.olms.de\/en\/impressum\/#primaryimage","url":"https:\/\/www.olms.de\/wp-content\/uploads\/sites\/7\/2023\/05\/Georg-Olms-Verlag.png","contentUrl":"https:\/\/www.olms.de\/wp-content\/uploads\/sites\/7\/2023\/05\/Georg-Olms-Verlag.png","width":225,"height":225},{"@type":"BreadcrumbList","@id":"https:\/\/www.olms.de\/en\/impressum\/#breadcrumb","itemListElement":[{"@type":"ListItem","position":1,"name":"Homepage","item":"https:\/\/www.olms.de\/en\/"},{"@type":"ListItem","position":2,"name":"Legal Notice"}]},{"@type":"WebSite","@id":"https:\/\/www.olms.de\/en\/#website","url":"https:\/\/www.olms.de\/en\/","name":"Olms Verlag","description":"","potentialAction":[{"@type":"SearchAction","target":{"@type":"EntryPoint","urlTemplate":"https:\/\/www.olms.de\/en\/?s={search_term_string}"},"query-input":{"@type":"PropertyValueSpecification","valueRequired":true,"valueName":"search_term_string"}}],"inLanguage":"en-US"}]}},"_links":{"self":[{"href":"https:\/\/www.olms.de\/en\/wp-json\/wp\/v2\/pages\/165","targetHints":{"allow":["GET"]}}],"collection":[{"href":"https:\/\/www.olms.de\/en\/wp-json\/wp\/v2\/pages"}],"about":[{"href":"https:\/\/www.olms.de\/en\/wp-json\/wp\/v2\/types\/page"}],"author":[{"embeddable":true,"href":"https:\/\/www.olms.de\/en\/wp-json\/wp\/v2\/users\/18"}],"replies":[{"embeddable":true,"href":"https:\/\/www.olms.de\/en\/wp-json\/wp\/v2\/comments?post=165"}],"version-history":[{"count":11,"href":"https:\/\/www.olms.de\/en\/wp-json\/wp\/v2\/pages\/165\/revisions"}],"predecessor-version":[{"id":3904,"href":"https:\/\/www.olms.de\/en\/wp-json\/wp\/v2\/pages\/165\/revisions\/3904"}],"wp:featuredmedia":[{"embeddable":true,"href":"https:\/\/www.olms.de\/en\/wp-json\/wp\/v2\/media\/60"}],"wp:attachment":[{"href":"https:\/\/www.olms.de\/en\/wp-json\/wp\/v2\/media?parent=165"}],"curies":[{"name":"wp","href":"https:\/\/api.w.org\/{rel}","templated":true}]}}